{"id":5550,"date":"2026-03-17T09:49:10","date_gmt":"2026-03-17T12:49:10","guid":{"rendered":"https:\/\/deguardavidas.com\/?post_type=product&#038;p=5550"},"modified":"2026-03-17T10:00:54","modified_gmt":"2026-03-17T13:00:54","slug":"curso-vientos-y-mareas-online","status":"publish","type":"product","link":"https:\/\/deguardavidas.com\/en\/product\/curso-vientos-y-mareas-online\/","title":{"rendered":"Vientos y Mareas: Lectura del entorno para rescate"},"content":{"rendered":"<h2 data-path-to-node=\"5\"><strong>Domina el Mar: Curso de Vientos y Mareas para Guardavidas<\/strong><\/h2>\n<p data-path-to-node=\"6\">El mar no es est\u00e1tico, y tu vigilancia tampoco deber\u00eda serlo. En este curso online, aprender\u00e1s a leer las se\u00f1ales del entorno para anticiparte a las emergencias.<\/p>\n<p data-path-to-node=\"13\">Curso t\u00e9cnico especializado para guardavidas sobre din\u00e1mica costera.<\/p>\n<ul data-path-to-node=\"14\">\n<li>\n<p data-path-to-node=\"14,0,0\"><b data-path-to-node=\"14,0,0\" data-index-in-node=\"0\">100% Online<\/b> y a tu ritmo.<\/p>\n<\/li>\n<li>\n<p data-path-to-node=\"14,1,0\"><b data-path-to-node=\"14,1,0\" data-index-in-node=\"0\">Certificado<\/b> de finalizaci\u00f3n incluido.<\/p>\n<\/li>\n<li>\n<p data-path-to-node=\"14,2,0\"><b data-path-to-node=\"14,2,0\" data-index-in-node=\"0\">Contenido pr\u00e1ctico<\/b> aplicable desde el primer d\u00eda en la torre.<\/p>\n<\/li>\n<li>\n<p data-path-to-node=\"14,3,0\"><b data-path-to-node=\"14,3,0\" data-index-in-node=\"0\">Nivel:<\/b> Inicial &#8211; Intermedio.<\/p>\n<\/li>\n<\/ul>","protected":false},"excerpt":{"rendered":"<p>Domina el Mar: Curso de Vientos y Mareas para Guardavidas El mar no es est\u00e1tico, y tu vigilancia tampoco deber\u00eda [&hellip;]<\/p>\n","protected":false},"featured_media":5163,"comment_status":"closed","ping_status":"closed","template":"","meta":{"_acf_changed":false,"_uag_custom_page_level_css":"","site-sidebar-layout":"default","site-content-layout":"","ast-site-content-layout":"default","site-content-style":"default","site-sidebar-style":"default","ast-global-header-display":"","ast-banner-title-visibility":"","ast-main-header-display":"","ast-hfb-above-header-display":"","ast-hfb-below-header-display":"","ast-hfb-mobile-header-display":"","site-post-title":"","ast-breadcrumbs-content":"","ast-featured-img":"","footer-sml-layout":"","ast-disable-related-posts":"","theme-transparent-header-meta":"default","adv-header-id-meta":"","stick-header-meta":"","header-above-stick-meta":"","header-main-stick-meta":"","header-below-stick-meta":"","astra-migrate-meta-layouts":"set","ast-page-background-enabled":"default","ast-page-background-meta":{"desktop":{"background-color":"var(--ast-global-color-4)","background-image":"","background-repeat":"repeat","background-position":"center center","background-size":"auto","background-attachment":"scroll","background-type":"","background-media":"","overlay-type":"","overlay-color":"","overlay-opacity":"","overlay-gradient":""},"tablet":{"background-color":"","background-image":"","background-repeat":"repeat","background-position":"center center","background-size":"auto","background-attachment":"scroll","background-type":"","background-media":"","overlay-type":"","overlay-color":"","overlay-opacity":"","overlay-gradient":""},"mobile":{"background-color":"","background-image":"","background-repeat":"repeat","background-position":"center center","background-size":"auto","background-attachment":"scroll","background-type":"","background-media":"","overlay-type":"","overlay-color":"","overlay-opacity":"","overlay-gradient":""}},"ast-content-background-meta":{"desktop":{"background-color":"var(--ast-global-color-5)","background-image":"","background-repeat":"repeat","background-position":"center center","background-size":"auto","background-attachment":"scroll","background-type":"","background-media":"","overlay-type":"","overlay-color":"","overlay-opacity":"","overlay-gradient":""},"tablet":{"background-color":"var(--ast-global-color-5)","background-image":"","background-repeat":"repeat","background-position":"center center","background-size":"auto","background-attachment":"scroll","background-type":"","background-media":"","overlay-type":"","overlay-color":"","overlay-opacity":"","overlay-gradient":""},"mobile":{"background-color":"var(--ast-global-color-5)","background-image":"","background-repeat":"repeat","background-position":"center center","background-size":"auto","background-attachment":"scroll","background-type":"","background-media":"","overlay-type":"","overlay-color":"","overlay-opacity":"","overlay-gradient":""}}},"product_brand":[],"product_cat":[57],"product_tag":[],"class_list":{"0":"post-5550","1":"product","2":"type-product","3":"status-publish","4":"has-post-thumbnail","6":"product_cat-curso-online","7":"desktop-align-left","8":"tablet-align-left","9":"mobile-align-left","11":"first","12":"instock","13":"sale","14":"sold-individually","15":"taxable","16":"shipping-taxable","17":"purchasable","18":"product-type-simple"},"acf":[],"yoast_head":"<!-- This site is optimized with the Yoast SEO plugin v27.5 - https:\/\/yoast.com\/product\/yoast-seo-wordpress\/ -->\n<title>Vientos y Mareas: Lectura del entorno para rescate - De Guardavidas<\/title>\n<meta name=\"description\" content=\"Mejor\u00e1 tu capacidad de lectura de playa. Aprend\u00e9 sobre vientos, mareas de sicigia y detecci\u00f3n de corrientes de retorno en este curso online para guardavidas profesionales.\" \/>\n<meta name=\"robots\" content=\"index, follow, max-snippet:-1, max-image-preview:large, max-video-preview:-1\" \/>\n<link rel=\"canonical\" href=\"https:\/\/deguardavidas.com\/en\/product\/curso-vientos-y-mareas-online\/\" \/>\n<meta property=\"og:locale\" content=\"en_US\" \/>\n<meta property=\"og:type\" content=\"article\" \/>\n<meta property=\"og:title\" content=\"Vientos y Mareas: Lectura del entorno para rescate - De Guardavidas\" \/>\n<meta property=\"og:description\" content=\"Mejor\u00e1 tu capacidad de lectura de playa. Aprend\u00e9 sobre vientos, mareas de sicigia y detecci\u00f3n de corrientes de retorno en este curso online para guardavidas profesionales.\" \/>\n<meta property=\"og:url\" content=\"https:\/\/deguardavidas.com\/en\/product\/curso-vientos-y-mareas-online\/\" \/>\n<meta property=\"og:site_name\" content=\"De Guardavidas\" \/>\n<meta property=\"article:publisher\" content=\"https:\/\/www.facebook.com\/profile.php?id=100094279952604\" \/>\n<meta property=\"article:modified_time\" content=\"2026-03-17T13:00:54+00:00\" \/>\n<meta property=\"og:image\" content=\"http:\/\/deguardavidas.com\/wp-content\/uploads\/2026\/03\/VIENTOS-Y-MAREAS-1.png\" \/>\n\t<meta property=\"og:image:width\" content=\"1000\" \/>\n\t<meta property=\"og:image:height\" content=\"1000\" \/>\n\t<meta property=\"og:image:type\" content=\"image\/png\" \/>\n<meta name=\"twitter:card\" content=\"summary_large_image\" \/>\n<meta name=\"twitter:label1\" content=\"Est. reading time\" \/>\n\t<meta name=\"twitter:data1\" content=\"1 minute\" \/>\n<script type=\"application\/ld+json\" class=\"yoast-schema-graph\">{\"@context\":\"https:\\\/\\\/schema.org\",\"@graph\":[{\"@type\":\"WebPage\",\"@id\":\"https:\\\/\\\/deguardavidas.com\\\/producto\\\/curso-vientos-y-mareas-online\\\/\",\"url\":\"https:\\\/\\\/deguardavidas.com\\\/producto\\\/curso-vientos-y-mareas-online\\\/\",\"name\":\"Vientos y Mareas: Lectura del entorno para rescate - De Guardavidas\",\"isPartOf\":{\"@id\":\"https:\\\/\\\/deguardavidas.com\\\/#website\"},\"primaryImageOfPage\":{\"@id\":\"https:\\\/\\\/deguardavidas.com\\\/producto\\\/curso-vientos-y-mareas-online\\\/#primaryimage\"},\"image\":{\"@id\":\"https:\\\/\\\/deguardavidas.com\\\/producto\\\/curso-vientos-y-mareas-online\\\/#primaryimage\"},\"thumbnailUrl\":\"https:\\\/\\\/deguardavidas.com\\\/wp-content\\\/uploads\\\/2026\\\/01\\\/Diseno-sin-titulo-21-scaled.png\",\"datePublished\":\"2026-03-17T12:49:10+00:00\",\"dateModified\":\"2026-03-17T13:00:54+00:00\",\"description\":\"Mejor\u00e1 tu capacidad de lectura de playa. Aprend\u00e9 sobre vientos, mareas de sicigia y detecci\u00f3n de corrientes de retorno en este curso online para guardavidas profesionales.\",\"breadcrumb\":{\"@id\":\"https:\\\/\\\/deguardavidas.com\\\/producto\\\/curso-vientos-y-mareas-online\\\/#breadcrumb\"},\"inLanguage\":\"en-US\",\"potentialAction\":[{\"@type\":\"ReadAction\",\"target\":[\"https:\\\/\\\/deguardavidas.com\\\/producto\\\/curso-vientos-y-mareas-online\\\/\"]}]},{\"@type\":\"ImageObject\",\"inLanguage\":\"en-US\",\"@id\":\"https:\\\/\\\/deguardavidas.com\\\/producto\\\/curso-vientos-y-mareas-online\\\/#primaryimage\",\"url\":\"https:\\\/\\\/deguardavidas.com\\\/wp-content\\\/uploads\\\/2026\\\/01\\\/Diseno-sin-titulo-21-scaled.png\",\"contentUrl\":\"https:\\\/\\\/deguardavidas.com\\\/wp-content\\\/uploads\\\/2026\\\/01\\\/Diseno-sin-titulo-21-scaled.png\",\"width\":2560,\"height\":1280,\"caption\":\"Hero web De Guardavidas - Formaciones\"},{\"@type\":\"BreadcrumbList\",\"@id\":\"https:\\\/\\\/deguardavidas.com\\\/producto\\\/curso-vientos-y-mareas-online\\\/#breadcrumb\",\"itemListElement\":[{\"@type\":\"ListItem\",\"position\":1,\"name\":\"Inicio\",\"item\":\"https:\\\/\\\/deguardavidas.com\\\/\"},{\"@type\":\"ListItem\",\"position\":2,\"name\":\"Productos\",\"item\":\"https:\\\/\\\/deguardavidas.com\\\/tienda\\\/\"},{\"@type\":\"ListItem\",\"position\":3,\"name\":\"Vientos y Mareas: Lectura del entorno para rescate\"}]},{\"@type\":\"WebSite\",\"@id\":\"https:\\\/\\\/deguardavidas.com\\\/#website\",\"url\":\"https:\\\/\\\/deguardavidas.com\\\/\",\"name\":\"De Guardavidas\",\"description\":\"De Guardavidas Para Guardavidas\",\"publisher\":{\"@id\":\"https:\\\/\\\/deguardavidas.com\\\/#organization\"},\"alternateName\":\"De Guardavidas\",\"potentialAction\":[{\"@type\":\"SearchAction\",\"target\":{\"@type\":\"EntryPoint\",\"urlTemplate\":\"https:\\\/\\\/deguardavidas.com\\\/?s={search_term_string}\"},\"query-input\":{\"@type\":\"PropertyValueSpecification\",\"valueRequired\":true,\"valueName\":\"search_term_string\"}}],\"inLanguage\":\"en-US\"},{\"@type\":\"Organization\",\"@id\":\"https:\\\/\\\/deguardavidas.com\\\/#organization\",\"name\":\"De Guardavidas\",\"alternateName\":\"De Guardavidas\",\"url\":\"https:\\\/\\\/deguardavidas.com\\\/\",\"logo\":{\"@type\":\"ImageObject\",\"inLanguage\":\"en-US\",\"@id\":\"https:\\\/\\\/deguardavidas.com\\\/#\\\/schema\\\/logo\\\/image\\\/\",\"url\":\"https:\\\/\\\/deguardavidas.com\\\/wp-content\\\/uploads\\\/2024\\\/02\\\/cropped-aplicaciones-25.png\",\"contentUrl\":\"https:\\\/\\\/deguardavidas.com\\\/wp-content\\\/uploads\\\/2024\\\/02\\\/cropped-aplicaciones-25.png\",\"width\":1161,\"height\":1078,\"caption\":\"De Guardavidas\"},\"image\":{\"@id\":\"https:\\\/\\\/deguardavidas.com\\\/#\\\/schema\\\/logo\\\/image\\\/\"},\"sameAs\":[\"https:\\\/\\\/www.facebook.com\\\/profile.php?id=100094279952604\",\"https:\\\/\\\/www.instagram.com\\\/deguardavidas\\\/\",\"https:\\\/\\\/www.youtube.com\\\/@DeGuardavidas\"]}]}<\/script>\n<!-- \/ Yoast SEO plugin. -->","yoast_head_json":{"title":"Vientos y Mareas: Lectura del entorno para rescate - De Guardavidas","description":"Mejor\u00e1 tu capacidad de lectura de playa. Aprend\u00e9 sobre vientos, mareas de sicigia y detecci\u00f3n de corrientes de retorno en este curso online para guardavidas profesionales.","robots":{"index":"index","follow":"follow","max-snippet":"max-snippet:-1","max-image-preview":"max-image-preview:large","max-video-preview":"max-video-preview:-1"},"canonical":"https:\/\/deguardavidas.com\/en\/product\/curso-vientos-y-mareas-online\/","og_locale":"en_US","og_type":"article","og_title":"Vientos y Mareas: Lectura del entorno para rescate - De Guardavidas","og_description":"Mejor\u00e1 tu capacidad de lectura de playa. Aprend\u00e9 sobre vientos, mareas de sicigia y detecci\u00f3n de corrientes de retorno en este curso online para guardavidas profesionales.","og_url":"https:\/\/deguardavidas.com\/en\/product\/curso-vientos-y-mareas-online\/","og_site_name":"De Guardavidas","article_publisher":"https:\/\/www.facebook.com\/profile.php?id=100094279952604","article_modified_time":"2026-03-17T13:00:54+00:00","og_image":[{"width":1000,"height":1000,"url":"http:\/\/deguardavidas.com\/wp-content\/uploads\/2026\/03\/VIENTOS-Y-MAREAS-1.png","type":"image\/png"}],"twitter_card":"summary_large_image","twitter_misc":{"Est. reading time":"1 minute"},"schema":{"@context":"https:\/\/schema.org","@graph":[{"@type":"WebPage","@id":"https:\/\/deguardavidas.com\/producto\/curso-vientos-y-mareas-online\/","url":"https:\/\/deguardavidas.com\/producto\/curso-vientos-y-mareas-online\/","name":"Vientos y Mareas: Lectura del entorno para rescate - De Guardavidas","isPartOf":{"@id":"https:\/\/deguardavidas.com\/#website"},"primaryImageOfPage":{"@id":"https:\/\/deguardavidas.com\/producto\/curso-vientos-y-mareas-online\/#primaryimage"},"image":{"@id":"https:\/\/deguardavidas.com\/producto\/curso-vientos-y-mareas-online\/#primaryimage"},"thumbnailUrl":"https:\/\/deguardavidas.com\/wp-content\/uploads\/2026\/01\/Diseno-sin-titulo-21-scaled.png","datePublished":"2026-03-17T12:49:10+00:00","dateModified":"2026-03-17T13:00:54+00:00","description":"Mejor\u00e1 tu capacidad de lectura de playa. Aprend\u00e9 sobre vientos, mareas de sicigia y detecci\u00f3n de corrientes de retorno en este curso online para guardavidas profesionales.","breadcrumb":{"@id":"https:\/\/deguardavidas.com\/producto\/curso-vientos-y-mareas-online\/#breadcrumb"},"inLanguage":"en-US","potentialAction":[{"@type":"ReadAction","target":["https:\/\/deguardavidas.com\/producto\/curso-vientos-y-mareas-online\/"]}]},{"@type":"ImageObject","inLanguage":"en-US","@id":"https:\/\/deguardavidas.com\/producto\/curso-vientos-y-mareas-online\/#primaryimage","url":"https:\/\/deguardavidas.com\/wp-content\/uploads\/2026\/01\/Diseno-sin-titulo-21-scaled.png","contentUrl":"https:\/\/deguardavidas.com\/wp-content\/uploads\/2026\/01\/Diseno-sin-titulo-21-scaled.png","width":2560,"height":1280,"caption":"Hero web De Guardavidas - Formaciones"},{"@type":"BreadcrumbList","@id":"https:\/\/deguardavidas.com\/producto\/curso-vientos-y-mareas-online\/#breadcrumb","itemListElement":[{"@type":"ListItem","position":1,"name":"Inicio","item":"https:\/\/deguardavidas.com\/"},{"@type":"ListItem","position":2,"name":"Productos","item":"https:\/\/deguardavidas.com\/tienda\/"},{"@type":"ListItem","position":3,"name":"Vientos y Mareas: Lectura del entorno para rescate"}]},{"@type":"WebSite","@id":"https:\/\/deguardavidas.com\/#website","url":"https:\/\/deguardavidas.com\/","name":"Lifeguard","description":"De Guardavidas Para Guardavidas","publisher":{"@id":"https:\/\/deguardavidas.com\/#organization"},"alternateName":"De Guardavidas","potentialAction":[{"@type":"SearchAction","target":{"@type":"EntryPoint","urlTemplate":"https:\/\/deguardavidas.com\/?s={search_term_string}"},"query-input":{"@type":"PropertyValueSpecification","valueRequired":true,"valueName":"search_term_string"}}],"inLanguage":"en-US"},{"@type":"Organization","@id":"https:\/\/deguardavidas.com\/#organization","name":"Lifeguard","alternateName":"De Guardavidas","url":"https:\/\/deguardavidas.com\/","logo":{"@type":"ImageObject","inLanguage":"en-US","@id":"https:\/\/deguardavidas.com\/#\/schema\/logo\/image\/","url":"https:\/\/deguardavidas.com\/wp-content\/uploads\/2024\/02\/cropped-aplicaciones-25.png","contentUrl":"https:\/\/deguardavidas.com\/wp-content\/uploads\/2024\/02\/cropped-aplicaciones-25.png","width":1161,"height":1078,"caption":"De Guardavidas"},"image":{"@id":"https:\/\/deguardavidas.com\/#\/schema\/logo\/image\/"},"sameAs":["https:\/\/www.facebook.com\/profile.php?id=100094279952604","https:\/\/www.instagram.com\/deguardavidas\/","https:\/\/www.youtube.com\/@DeGuardavidas"]}]}},"uagb_featured_image_src":{"full":["https:\/\/deguardavidas.com\/wp-content\/uploads\/2026\/01\/Diseno-sin-titulo-21-scaled.png",2560,1280,false],"thumbnail":["https:\/\/deguardavidas.com\/wp-content\/uploads\/2026\/01\/Diseno-sin-titulo-21-150x150.png",150,150,true],"medium":["https:\/\/deguardavidas.com\/wp-content\/uploads\/2026\/01\/Diseno-sin-titulo-21-300x150.png",300,150,true],"medium_large":["https:\/\/deguardavidas.com\/wp-content\/uploads\/2026\/01\/Diseno-sin-titulo-21-768x384.png",768,384,true],"large":["https:\/\/deguardavidas.com\/wp-content\/uploads\/2026\/01\/Diseno-sin-titulo-21-1024x512.png",1024,512,true],"1536x1536":["https:\/\/deguardavidas.com\/wp-content\/uploads\/2026\/01\/Diseno-sin-titulo-21-1536x768.png",1536,768,true],"2048x2048":["https:\/\/deguardavidas.com\/wp-content\/uploads\/2026\/01\/Diseno-sin-titulo-21-2048x1024.png",2048,1024,true],"trp-custom-language-flag":["https:\/\/deguardavidas.com\/wp-content\/uploads\/2026\/01\/Diseno-sin-titulo-21-scaled.png",18,9,false],"woocommerce_thumbnail":["https:\/\/deguardavidas.com\/wp-content\/uploads\/2026\/01\/Diseno-sin-titulo-21-300x300.png",300,300,true],"woocommerce_single":["https:\/\/deguardavidas.com\/wp-content\/uploads\/2026\/01\/Diseno-sin-titulo-21-600x300.png",600,300,true],"woocommerce_gallery_thumbnail":["https:\/\/deguardavidas.com\/wp-content\/uploads\/2026\/01\/Diseno-sin-titulo-21-100x100.png",100,100,true]},"uagb_author_info":{"display_name":"facundo Ramirez","author_link":"https:\/\/deguardavidas.com\/en\/author\/"},"uagb_comment_info":0,"uagb_excerpt":"Domina el Mar: Curso de Vientos y Mareas para Guardavidas El mar no es est\u00e1tico, y tu vigilancia tampoco deber\u00eda [&hellip;]","_links":{"self":[{"href":"https:\/\/deguardavidas.com\/en\/wp-json\/wp\/v2\/product\/5550","targetHints":{"allow":["GET"]}}],"collection":[{"href":"https:\/\/deguardavidas.com\/en\/wp-json\/wp\/v2\/product"}],"about":[{"href":"https:\/\/deguardavidas.com\/en\/wp-json\/wp\/v2\/types\/product"}],"replies":[{"embeddable":true,"href":"https:\/\/deguardavidas.com\/en\/wp-json\/wp\/v2\/comments?post=5550"}],"wp:featuredmedia":[{"embeddable":true,"href":"https:\/\/deguardavidas.com\/en\/wp-json\/wp\/v2\/media\/5163"}],"wp:attachment":[{"href":"https:\/\/deguardavidas.com\/en\/wp-json\/wp\/v2\/media?parent=5550"}],"wp:term":[{"taxonomy":"product_brand","embeddable":true,"href":"https:\/\/deguardavidas.com\/en\/wp-json\/wp\/v2\/product_brand?post=5550"},{"taxonomy":"product_cat","embeddable":true,"href":"https:\/\/deguardavidas.com\/en\/wp-json\/wp\/v2\/product_cat?post=5550"},{"taxonomy":"product_tag","embeddable":true,"href":"https:\/\/deguardavidas.com\/en\/wp-json\/wp\/v2\/product_tag?post=5550"}],"curies":[{"name":"wp","href":"https:\/\/api.w.org\/{rel}","templated":true}]}}