{"id":4556,"date":"2025-09-18T09:45:05","date_gmt":"2025-09-18T12:45:05","guid":{"rendered":"https:\/\/deguardavidas.com\/?page_id=4556"},"modified":"2025-09-18T09:52:07","modified_gmt":"2025-09-18T12:52:07","slug":"cookies","status":"publish","type":"page","link":"https:\/\/deguardavidas.com\/en\/cookies\/","title":{"rendered":"Cookie Policy"},"content":{"rendered":"<div data-elementor-type=\"wp-page\" data-elementor-id=\"4556\" class=\"elementor elementor-4556\" data-elementor-post-type=\"page\">\n\t\t\t\t<div class=\"elementor-element elementor-element-520b8a1 bdt-backdrop-filter-yes e-flex e-con-boxed bdt-filter-backdrop e-con e-parent\" data-id=\"520b8a1\" data-element_type=\"container\" data-e-type=\"container\" data-settings=\"{&quot;background_background&quot;:&quot;classic&quot;}\">\n\t\t\t\t\t<div class=\"e-con-inner\">\n\t\t\t\t<div class=\"elementor-element elementor-element-2daa9f9 elementor-widget elementor-widget-heading\" data-id=\"2daa9f9\" data-element_type=\"widget\" data-e-type=\"widget\" data-widget_type=\"heading.default\">\n\t\t\t\t<div class=\"elementor-widget-container\">\n\t\t\t\t\t<h2 class=\"elementor-heading-title elementor-size-default\">Cookie Policy<\/h2>\t\t\t\t<\/div>\n\t\t\t\t<\/div>\n\t\t\t\t\t<\/div>\n\t\t\t\t<\/div>\n\t\t<div class=\"elementor-element elementor-element-9f5e069 e-flex e-con-boxed e-con e-parent\" data-id=\"9f5e069\" data-element_type=\"container\" data-e-type=\"container\">\n\t\t\t\t\t<div class=\"e-con-inner\">\n\t\t\t\t<div class=\"elementor-element elementor-element-8d40f3d elementor-widget elementor-widget-text-editor\" data-id=\"8d40f3d\" data-element_type=\"widget\" data-e-type=\"widget\" data-widget_type=\"text-editor.default\">\n\t\t\t\t<div class=\"elementor-widget-container\">\n\t\t\t\t\t\t\t\t\t<p data-start=\"249\" data-end=\"295\"><strong data-start=\"249\" data-end=\"293\">Pol\u00edtica de Cookies de DeGuardavidas.com<\/strong><\/p><p data-start=\"297\" data-end=\"491\">En <strong data-start=\"300\" data-end=\"321\">DeGuardavidas.com<\/strong> utilizamos cookies propias y de terceros para mejorar tu experiencia de navegaci\u00f3n, analizar el uso del sitio y mostrar publicidad personalizada de manera responsable.<\/p><hr data-start=\"493\" data-end=\"496\" \/><h2 data-start=\"498\" data-end=\"524\">\u00bfQu\u00e9 son las cookies?<\/h2><p data-start=\"525\" data-end=\"743\">Las cookies son peque\u00f1os archivos de texto que se almacenan en tu dispositivo cuando visitas un sitio web. Nos permiten reconocer al usuario y recordar informaci\u00f3n sobre su navegaci\u00f3n, ayudando a mejorar el servicio.<\/p><hr data-start=\"745\" data-end=\"748\" \/><h2 data-start=\"750\" data-end=\"782\">Tipos de cookies utilizadas<\/h2><ol data-start=\"784\" data-end=\"1247\"><li data-start=\"784\" data-end=\"911\"><p data-start=\"787\" data-end=\"809\"><strong data-start=\"787\" data-end=\"807\">Cookies t\u00e9cnicas<\/strong><\/p><ul data-start=\"813\" data-end=\"911\"><li data-start=\"813\" data-end=\"911\"><p data-start=\"815\" data-end=\"911\">Necesarias para el funcionamiento del sitio web y la correcta visualizaci\u00f3n de sus contenidos.<\/p><\/li><\/ul><\/li><li data-start=\"913\" data-end=\"1092\"><p data-start=\"916\" data-end=\"941\"><strong data-start=\"916\" data-end=\"939\">Cookies de an\u00e1lisis<\/strong><\/p><ul data-start=\"945\" data-end=\"1092\"><li data-start=\"945\" data-end=\"1058\"><p data-start=\"947\" data-end=\"1058\">Permiten medir y analizar la navegaci\u00f3n de los usuarios, identificando patrones de uso para mejorar el sitio.<\/p><\/li><li data-start=\"1062\" data-end=\"1092\"><p data-start=\"1064\" data-end=\"1092\">Ejemplo: Google Analytics.<\/p><\/li><\/ul><\/li><li data-start=\"1094\" data-end=\"1247\"><p data-start=\"1097\" data-end=\"1124\"><strong data-start=\"1097\" data-end=\"1122\">Cookies publicitarias<\/strong><\/p><ul data-start=\"1128\" data-end=\"1247\"><li data-start=\"1128\" data-end=\"1215\"><p data-start=\"1130\" data-end=\"1215\">Gestionan los espacios publicitarios y muestran anuncios adaptados a tus intereses.<\/p><\/li><li data-start=\"1219\" data-end=\"1247\"><p data-start=\"1221\" data-end=\"1247\">Ejemplo: Google AdSense.<\/p><\/li><\/ul><\/li><\/ol><hr data-start=\"1249\" data-end=\"1252\" \/><h2 data-start=\"1254\" data-end=\"1293\">Gesti\u00f3n y configuraci\u00f3n de cookies<\/h2><p data-start=\"1294\" data-end=\"1508\">El usuario puede aceptar, rechazar o eliminar las cookies mediante la configuraci\u00f3n de su navegador. Ten en cuenta que deshabilitar cookies puede afectar al correcto funcionamiento de algunas secciones del sitio.<\/p><p data-start=\"1510\" data-end=\"1950\">Para m\u00e1s informaci\u00f3n sobre c\u00f3mo gestionar cookies en tu navegador: <a class=\"decorated-link cursor-pointer\" target=\"_new\" rel=\"noopener\" data-start=\"1577\" data-end=\"1633\">Chrome<\/a>, <a class=\"decorated-link cursor-pointer\" target=\"_new\" rel=\"noopener\" data-start=\"1635\" data-end=\"1745\">Firefox<\/a>, <a class=\"decorated-link cursor-pointer\" target=\"_new\" rel=\"noopener\" data-start=\"1747\" data-end=\"1815\">Safari<\/a>, <a class=\"decorated-link cursor-pointer\" target=\"_new\" rel=\"noopener\" data-start=\"1817\" data-end=\"1947\">Edge<\/a>.<\/p>\t\t\t\t\t\t\t\t<\/div>\n\t\t\t\t<\/div>\n\t\t\t\t\t<\/div>\n\t\t\t\t<\/div>\n\t\t\t\t<\/div>","protected":false},"excerpt":{"rendered":"<p>Pol\u00edtica de cookies Pol\u00edtica de Cookies de DeGuardavidas.com En DeGuardavidas.com utilizamos cookies propias y de terceros para mejorar tu experiencia [&hellip;]<\/p>\n","protected":false},"author":1,"featured_media":0,"parent":0,"menu_order":0,"comment_status":"closed","ping_status":"closed","template":"","meta":{"_acf_changed":false,"_uag_custom_page_level_css":"","site-sidebar-layout":"no-sidebar","site-content-layout":"page-builder","ast-site-content-layout":"full-width-container","site-content-style":"default","site-sidebar-style":"default","ast-global-header-display":"","ast-banner-title-visibility":"","ast-main-header-display":"","ast-hfb-above-header-display":"","ast-hfb-below-header-display":"","ast-hfb-mobile-header-display":"","site-post-title":"disabled","ast-breadcrumbs-content":"","ast-featured-img":"disabled","footer-sml-layout":"","ast-disable-related-posts":"","theme-transparent-header-meta":"","adv-header-id-meta":"","stick-header-meta":"","header-above-stick-meta":"","header-main-stick-meta":"","header-below-stick-meta":"","astra-migrate-meta-layouts":"set","ast-page-background-enabled":"default","ast-page-background-meta":{"desktop":{"background-color":"var(--ast-global-color-4)","background-image":"","background-repeat":"repeat","background-position":"center center","background-size":"auto","background-attachment":"scroll","background-type":"","background-media":"","overlay-type":"","overlay-color":"","overlay-opacity":"","overlay-gradient":""},"tablet":{"background-color":"","background-image":"","background-repeat":"repeat","background-position":"center center","background-size":"auto","background-attachment":"scroll","background-type":"","background-media":"","overlay-type":"","overlay-color":"","overlay-opacity":"","overlay-gradient":""},"mobile":{"background-color":"","background-image":"","background-repeat":"repeat","background-position":"center center","background-size":"auto","background-attachment":"scroll","background-type":"","background-media":"","overlay-type":"","overlay-color":"","overlay-opacity":"","overlay-gradient":""}},"ast-content-background-meta":{"desktop":{"background-color":"var(--ast-global-color-5)","background-image":"","background-repeat":"repeat","background-position":"center center","background-size":"auto","background-attachment":"scroll","background-type":"","background-media":"","overlay-type":"","overlay-color":"","overlay-opacity":"","overlay-gradient":""},"tablet":{"background-color":"var(--ast-global-color-5)","background-image":"","background-repeat":"repeat","background-position":"center center","background-size":"auto","background-attachment":"scroll","background-type":"","background-media":"","overlay-type":"","overlay-color":"","overlay-opacity":"","overlay-gradient":""},"mobile":{"background-color":"var(--ast-global-color-5)","background-image":"","background-repeat":"repeat","background-position":"center center","background-size":"auto","background-attachment":"scroll","background-type":"","background-media":"","overlay-type":"","overlay-color":"","overlay-opacity":"","overlay-gradient":""}},"footnotes":""},"class_list":["post-4556","page","type-page","status-publish","hentry"],"acf":[],"yoast_head":"<!-- This site is optimized with the Yoast SEO plugin v27.5 - https:\/\/yoast.com\/product\/yoast-seo-wordpress\/ -->\n<title>Pol\u00edtica de cookies -<\/title>\n<meta name=\"description\" content=\"Pol\u00edtica de cookies Pol\u00edtica de Cookies de DeGuardavidas.comEn DeGuardavidas.com utilizamos cookies propias y de terceros para mejorar tu experiencia de\" \/>\n<meta name=\"robots\" content=\"index, follow, max-snippet:-1, max-image-preview:large, max-video-preview:-1\" \/>\n<link rel=\"canonical\" href=\"https:\/\/deguardavidas.com\/en\/cookies\/\" \/>\n<meta property=\"og:locale\" content=\"en_US\" \/>\n<meta property=\"og:type\" content=\"article\" \/>\n<meta property=\"og:title\" content=\"Pol\u00edtica de cookies -\" \/>\n<meta property=\"og:description\" content=\"Pol\u00edtica de cookies Pol\u00edtica de Cookies de DeGuardavidas.comEn DeGuardavidas.com utilizamos cookies propias y de terceros para mejorar tu experiencia de\" \/>\n<meta property=\"og:url\" content=\"https:\/\/deguardavidas.com\/en\/cookies\/\" \/>\n<meta property=\"og:site_name\" content=\"De Guardavidas\" \/>\n<meta property=\"article:publisher\" content=\"https:\/\/www.facebook.com\/profile.php?id=100094279952604\" \/>\n<meta property=\"article:modified_time\" content=\"2025-09-18T12:52:07+00:00\" \/>\n<meta property=\"og:image\" content=\"https:\/\/deguardavidas.com\/wp-content\/uploads\/2023\/07\/portugal.jpg\" \/>\n\t<meta property=\"og:image:width\" content=\"1773\" \/>\n\t<meta property=\"og:image:height\" content=\"1772\" \/>\n\t<meta property=\"og:image:type\" content=\"image\/jpeg\" \/>\n<meta name=\"twitter:card\" content=\"summary_large_image\" \/>\n<meta name=\"twitter:label1\" content=\"Est. reading time\" \/>\n\t<meta name=\"twitter:data1\" content=\"1 minute\" \/>\n<script type=\"application\/ld+json\" class=\"yoast-schema-graph\">{\"@context\":\"https:\\\/\\\/schema.org\",\"@graph\":[{\"@type\":\"WebPage\",\"@id\":\"https:\\\/\\\/deguardavidas.com\\\/cookies\\\/\",\"url\":\"https:\\\/\\\/deguardavidas.com\\\/cookies\\\/\",\"name\":\"Pol\u00edtica de cookies -\",\"isPartOf\":{\"@id\":\"https:\\\/\\\/deguardavidas.com\\\/#website\"},\"datePublished\":\"2025-09-18T12:45:05+00:00\",\"dateModified\":\"2025-09-18T12:52:07+00:00\",\"description\":\"Pol\u00edtica de cookies Pol\u00edtica de Cookies de DeGuardavidas.comEn DeGuardavidas.com utilizamos cookies propias y de terceros para mejorar tu experiencia de\",\"breadcrumb\":{\"@id\":\"https:\\\/\\\/deguardavidas.com\\\/cookies\\\/#breadcrumb\"},\"inLanguage\":\"en-US\",\"potentialAction\":[{\"@type\":\"ReadAction\",\"target\":[\"https:\\\/\\\/deguardavidas.com\\\/cookies\\\/\"]}]},{\"@type\":\"BreadcrumbList\",\"@id\":\"https:\\\/\\\/deguardavidas.com\\\/cookies\\\/#breadcrumb\",\"itemListElement\":[{\"@type\":\"ListItem\",\"position\":1,\"name\":\"Inicio\",\"item\":\"https:\\\/\\\/deguardavidas.com\\\/\"},{\"@type\":\"ListItem\",\"position\":2,\"name\":\"Pol\u00edtica de cookies\"}]},{\"@type\":\"WebSite\",\"@id\":\"https:\\\/\\\/deguardavidas.com\\\/#website\",\"url\":\"https:\\\/\\\/deguardavidas.com\\\/\",\"name\":\"De Guardavidas\",\"description\":\"De Guardavidas Para Guardavidas\",\"publisher\":{\"@id\":\"https:\\\/\\\/deguardavidas.com\\\/#organization\"},\"alternateName\":\"De Guardavidas\",\"potentialAction\":[{\"@type\":\"SearchAction\",\"target\":{\"@type\":\"EntryPoint\",\"urlTemplate\":\"https:\\\/\\\/deguardavidas.com\\\/?s={search_term_string}\"},\"query-input\":{\"@type\":\"PropertyValueSpecification\",\"valueRequired\":true,\"valueName\":\"search_term_string\"}}],\"inLanguage\":\"en-US\"},{\"@type\":\"Organization\",\"@id\":\"https:\\\/\\\/deguardavidas.com\\\/#organization\",\"name\":\"De Guardavidas\",\"alternateName\":\"De Guardavidas\",\"url\":\"https:\\\/\\\/deguardavidas.com\\\/\",\"logo\":{\"@type\":\"ImageObject\",\"inLanguage\":\"en-US\",\"@id\":\"https:\\\/\\\/deguardavidas.com\\\/#\\\/schema\\\/logo\\\/image\\\/\",\"url\":\"https:\\\/\\\/deguardavidas.com\\\/wp-content\\\/uploads\\\/2024\\\/02\\\/cropped-aplicaciones-25.png\",\"contentUrl\":\"https:\\\/\\\/deguardavidas.com\\\/wp-content\\\/uploads\\\/2024\\\/02\\\/cropped-aplicaciones-25.png\",\"width\":1161,\"height\":1078,\"caption\":\"De Guardavidas\"},\"image\":{\"@id\":\"https:\\\/\\\/deguardavidas.com\\\/#\\\/schema\\\/logo\\\/image\\\/\"},\"sameAs\":[\"https:\\\/\\\/www.facebook.com\\\/profile.php?id=100094279952604\",\"https:\\\/\\\/www.instagram.com\\\/deguardavidas\\\/\",\"https:\\\/\\\/www.youtube.com\\\/@DeGuardavidas\"]}]}<\/script>\n<!-- \/ Yoast SEO plugin. -->","yoast_head_json":{"title":"Pol\u00edtica de cookies -","description":"Pol\u00edtica de cookies Pol\u00edtica de Cookies de DeGuardavidas.comEn DeGuardavidas.com utilizamos cookies propias y de terceros para mejorar tu experiencia de","robots":{"index":"index","follow":"follow","max-snippet":"max-snippet:-1","max-image-preview":"max-image-preview:large","max-video-preview":"max-video-preview:-1"},"canonical":"https:\/\/deguardavidas.com\/en\/cookies\/","og_locale":"en_US","og_type":"article","og_title":"Pol\u00edtica de cookies -","og_description":"Pol\u00edtica de cookies Pol\u00edtica de Cookies de DeGuardavidas.comEn DeGuardavidas.com utilizamos cookies propias y de terceros para mejorar tu experiencia de","og_url":"https:\/\/deguardavidas.com\/en\/cookies\/","og_site_name":"De Guardavidas","article_publisher":"https:\/\/www.facebook.com\/profile.php?id=100094279952604","article_modified_time":"2025-09-18T12:52:07+00:00","og_image":[{"width":1773,"height":1772,"url":"https:\/\/deguardavidas.com\/wp-content\/uploads\/2023\/07\/portugal.jpg","type":"image\/jpeg"}],"twitter_card":"summary_large_image","twitter_misc":{"Est. reading time":"1 minute"},"schema":{"@context":"https:\/\/schema.org","@graph":[{"@type":"WebPage","@id":"https:\/\/deguardavidas.com\/cookies\/","url":"https:\/\/deguardavidas.com\/cookies\/","name":"Pol\u00edtica de cookies -","isPartOf":{"@id":"https:\/\/deguardavidas.com\/#website"},"datePublished":"2025-09-18T12:45:05+00:00","dateModified":"2025-09-18T12:52:07+00:00","description":"Pol\u00edtica de cookies Pol\u00edtica de Cookies de DeGuardavidas.comEn DeGuardavidas.com utilizamos cookies propias y de terceros para mejorar tu experiencia de","breadcrumb":{"@id":"https:\/\/deguardavidas.com\/cookies\/#breadcrumb"},"inLanguage":"en-US","potentialAction":[{"@type":"ReadAction","target":["https:\/\/deguardavidas.com\/cookies\/"]}]},{"@type":"BreadcrumbList","@id":"https:\/\/deguardavidas.com\/cookies\/#breadcrumb","itemListElement":[{"@type":"ListItem","position":1,"name":"Inicio","item":"https:\/\/deguardavidas.com\/"},{"@type":"ListItem","position":2,"name":"Pol\u00edtica de cookies"}]},{"@type":"WebSite","@id":"https:\/\/deguardavidas.com\/#website","url":"https:\/\/deguardavidas.com\/","name":"Lifeguard","description":"De Guardavidas Para Guardavidas","publisher":{"@id":"https:\/\/deguardavidas.com\/#organization"},"alternateName":"De Guardavidas","potentialAction":[{"@type":"SearchAction","target":{"@type":"EntryPoint","urlTemplate":"https:\/\/deguardavidas.com\/?s={search_term_string}"},"query-input":{"@type":"PropertyValueSpecification","valueRequired":true,"valueName":"search_term_string"}}],"inLanguage":"en-US"},{"@type":"Organization","@id":"https:\/\/deguardavidas.com\/#organization","name":"Lifeguard","alternateName":"De Guardavidas","url":"https:\/\/deguardavidas.com\/","logo":{"@type":"ImageObject","inLanguage":"en-US","@id":"https:\/\/deguardavidas.com\/#\/schema\/logo\/image\/","url":"https:\/\/deguardavidas.com\/wp-content\/uploads\/2024\/02\/cropped-aplicaciones-25.png","contentUrl":"https:\/\/deguardavidas.com\/wp-content\/uploads\/2024\/02\/cropped-aplicaciones-25.png","width":1161,"height":1078,"caption":"De Guardavidas"},"image":{"@id":"https:\/\/deguardavidas.com\/#\/schema\/logo\/image\/"},"sameAs":["https:\/\/www.facebook.com\/profile.php?id=100094279952604","https:\/\/www.instagram.com\/deguardavidas\/","https:\/\/www.youtube.com\/@DeGuardavidas"]}]}},"uagb_featured_image_src":{"full":false,"thumbnail":false,"medium":false,"medium_large":false,"large":false,"1536x1536":false,"2048x2048":false,"trp-custom-language-flag":false,"woocommerce_thumbnail":false,"woocommerce_single":false,"woocommerce_gallery_thumbnail":false},"uagb_author_info":{"display_name":"deguardavidas.com","author_link":"https:\/\/deguardavidas.com\/en\/author\/deguardavidas-katastudio-shop\/"},"uagb_comment_info":0,"uagb_excerpt":"Pol\u00edtica de cookies Pol\u00edtica de Cookies de DeGuardavidas.com En DeGuardavidas.com utilizamos cookies propias y de terceros para mejorar tu experiencia [&hellip;]","_links":{"self":[{"href":"https:\/\/deguardavidas.com\/en\/wp-json\/wp\/v2\/pages\/4556","targetHints":{"allow":["GET"]}}],"collection":[{"href":"https:\/\/deguardavidas.com\/en\/wp-json\/wp\/v2\/pages"}],"about":[{"href":"https:\/\/deguardavidas.com\/en\/wp-json\/wp\/v2\/types\/page"}],"author":[{"embeddable":true,"href":"https:\/\/deguardavidas.com\/en\/wp-json\/wp\/v2\/users\/1"}],"replies":[{"embeddable":true,"href":"https:\/\/deguardavidas.com\/en\/wp-json\/wp\/v2\/comments?post=4556"}],"version-history":[{"count":4,"href":"https:\/\/deguardavidas.com\/en\/wp-json\/wp\/v2\/pages\/4556\/revisions"}],"predecessor-version":[{"id":4574,"href":"https:\/\/deguardavidas.com\/en\/wp-json\/wp\/v2\/pages\/4556\/revisions\/4574"}],"wp:attachment":[{"href":"https:\/\/deguardavidas.com\/en\/wp-json\/wp\/v2\/media?parent=4556"}],"curies":[{"name":"wp","href":"https:\/\/api.w.org\/{rel}","templated":true}]}}