{"id":4555,"date":"2025-09-18T09:49:26","date_gmt":"2025-09-18T12:49:26","guid":{"rendered":"https:\/\/deguardavidas.com\/?page_id=4555"},"modified":"2025-09-18T09:56:13","modified_gmt":"2025-09-18T12:56:13","slug":"privacidad","status":"publish","type":"page","link":"https:\/\/deguardavidas.com\/en\/privacidad\/","title":{"rendered":"Pol\u00edticas de privacidad"},"content":{"rendered":"<div data-elementor-type=\"wp-page\" data-elementor-id=\"4555\" class=\"elementor elementor-4555\" data-elementor-post-type=\"page\">\n\t\t\t\t<div class=\"elementor-element elementor-element-5aa298f bdt-backdrop-filter-yes e-flex e-con-boxed bdt-filter-backdrop e-con e-parent\" data-id=\"5aa298f\" data-element_type=\"container\" data-e-type=\"container\" data-settings=\"{&quot;background_background&quot;:&quot;classic&quot;}\">\n\t\t\t\t\t<div class=\"e-con-inner\">\n\t\t\t\t<div class=\"elementor-element elementor-element-3fc401a elementor-widget elementor-widget-heading\" data-id=\"3fc401a\" data-element_type=\"widget\" data-e-type=\"widget\" data-widget_type=\"heading.default\">\n\t\t\t\t<div class=\"elementor-widget-container\">\n\t\t\t\t\t<h2 class=\"elementor-heading-title elementor-size-default\">Pol\u00edticas de privacidad<\/h2>\t\t\t\t<\/div>\n\t\t\t\t<\/div>\n\t\t\t\t\t<\/div>\n\t\t\t\t<\/div>\n\t\t<div class=\"elementor-element elementor-element-5f8f3ff e-flex e-con-boxed e-con e-parent\" data-id=\"5f8f3ff\" data-element_type=\"container\" data-e-type=\"container\">\n\t\t\t\t\t<div class=\"e-con-inner\">\n\t\t\t\t<div class=\"elementor-element elementor-element-477935b elementor-widget elementor-widget-text-editor\" data-id=\"477935b\" data-element_type=\"widget\" data-e-type=\"widget\" data-widget_type=\"text-editor.default\">\n\t\t\t\t<div class=\"elementor-widget-container\">\n\t\t\t\t\t\t\t\t\t<p data-start=\"1986\" data-end=\"2035\"><strong data-start=\"1986\" data-end=\"2033\">Pol\u00edtica de Privacidad de DeGuardavidas.com<\/strong><\/p><p data-start=\"2037\" data-end=\"2174\">En <strong data-start=\"2040\" data-end=\"2061\">DeGuardavidas.com<\/strong> tratamos los datos personales de nuestros usuarios de forma responsable y cumpliendo con la normativa vigente.<\/p><hr data-start=\"2176\" data-end=\"2179\" \/><h2 data-start=\"2181\" data-end=\"2213\">Responsable del tratamiento<\/h2><ul data-start=\"2214\" data-end=\"2370\"><li data-start=\"2214\" data-end=\"2244\"><p data-start=\"2216\" data-end=\"2244\">Nombre: <strong data-start=\"2224\" data-end=\"2242\">Lifeguard<\/strong><\/p><\/li><li data-start=\"2245\" data-end=\"2283\"><p data-start=\"2247\" data-end=\"2283\">Direcci\u00f3n: Buenos Aires, Argentina<\/p><\/li><li data-start=\"2284\" data-end=\"2335\"><p data-start=\"2286\" data-end=\"2335\">Correo electr\u00f3nico: <strong data-start=\"2306\" data-end=\"2333\"><a class=\"decorated-link cursor-pointer\" rel=\"noopener\" data-start=\"2308\" data-end=\"2331\">deguardavidas@gmail.com<\/a><\/strong><\/p><\/li><li data-start=\"2336\" data-end=\"2370\"><p data-start=\"2338\" data-end=\"2370\">Tel\u00e9fono: <strong data-start=\"2348\" data-end=\"2368\">+55 48 9150-4733<\/strong><\/p><\/li><\/ul><hr data-start=\"2372\" data-end=\"2375\" \/><h2 data-start=\"2377\" data-end=\"2408\">Datos personales recogidos<\/h2><p data-start=\"2409\" data-end=\"2563\">Recogemos \u00fanicamente los datos que nos facilitan los usuarios a trav\u00e9s de formularios de contacto, suscripci\u00f3n o solicitudes de informaci\u00f3n, tales como:<\/p><ul data-start=\"2564\" data-end=\"2644\"><li data-start=\"2564\" data-end=\"2586\"><p data-start=\"2566\" data-end=\"2586\">Nombre y apellidos<\/p><\/li><li data-start=\"2587\" data-end=\"2609\"><p data-start=\"2589\" data-end=\"2609\">Correo electr\u00f3nico<\/p><\/li><li data-start=\"2610\" data-end=\"2644\"><p data-start=\"2612\" data-end=\"2644\">Tel\u00e9fono (si es proporcionado)<\/p><\/li><\/ul><hr data-start=\"2646\" data-end=\"2649\" \/><h2 data-start=\"2651\" data-end=\"2681\">Finalidad del tratamiento<\/h2><p data-start=\"2682\" data-end=\"2711\">Los datos se utilizan para:<\/p><ol data-start=\"2712\" data-end=\"2896\"><li data-start=\"2712\" data-end=\"2792\"><p data-start=\"2715\" data-end=\"2792\">Atender solicitudes de informaci\u00f3n o consultas realizadas por los usuarios.<\/p><\/li><li data-start=\"2793\" data-end=\"2861\"><p data-start=\"2796\" data-end=\"2861\">Enviar comunicaciones relacionadas con los servicios ofrecidos.<\/p><\/li><li data-start=\"2862\" data-end=\"2896\"><p data-start=\"2865\" data-end=\"2896\">Cumplir obligaciones legales.<\/p><\/li><\/ol><hr data-start=\"2898\" data-end=\"2901\" \/><h2 data-start=\"2903\" data-end=\"2920\">Legitimaci\u00f3n<\/h2><p data-start=\"2921\" data-end=\"3072\">La base legal para el tratamiento de tus datos es el <strong data-start=\"2974\" data-end=\"3004\">consentimiento del usuario<\/strong>, otorgado al completar los formularios de contacto o suscripci\u00f3n.<\/p><hr data-start=\"3074\" data-end=\"3077\" \/><h2 data-start=\"3079\" data-end=\"3097\">Destinatarios<\/h2><p data-start=\"3098\" data-end=\"3259\">Los datos pueden ser compartidos con proveedores tecnol\u00f3gicos para la prestaci\u00f3n de servicios de anal\u00edtica o publicidad (ej. Google Analytics, Google AdSense).<\/p><hr data-start=\"3261\" data-end=\"3264\" \/><h2 data-start=\"3266\" data-end=\"3291\">Derechos del usuario<\/h2><p data-start=\"3292\" data-end=\"3335\">El usuario puede ejercer los derechos de:<\/p><ul data-start=\"3336\" data-end=\"3440\"><li data-start=\"3336\" data-end=\"3346\"><p data-start=\"3338\" data-end=\"3346\">Acceso<\/p><\/li><li data-start=\"3347\" data-end=\"3364\"><p data-start=\"3349\" data-end=\"3364\">Rectificaci\u00f3n<\/p><\/li><li data-start=\"3365\" data-end=\"3378\"><p data-start=\"3367\" data-end=\"3378\">Supresi\u00f3n<\/p><\/li><li data-start=\"3379\" data-end=\"3409\"><p data-start=\"3381\" data-end=\"3409\">Limitaci\u00f3n del tratamiento<\/p><\/li><li data-start=\"3410\" data-end=\"3423\"><p data-start=\"3412\" data-end=\"3423\">Oposici\u00f3n<\/p><\/li><li data-start=\"3424\" data-end=\"3440\"><p data-start=\"3426\" data-end=\"3440\">Portabilidad<\/p><\/li><\/ul><p data-start=\"3442\" data-end=\"3493\">Enviando un correo a <strong data-start=\"3463\" data-end=\"3490\"><a class=\"decorated-link cursor-pointer\" rel=\"noopener\" data-start=\"3465\" data-end=\"3488\">deguardavidas@gmail.com<\/a><\/strong>.<\/p><hr data-start=\"3495\" data-end=\"3498\" \/><h2 data-start=\"3500\" data-end=\"3530\">Conservaci\u00f3n de los datos<\/h2><p data-start=\"3531\" data-end=\"3665\">Los datos se conservar\u00e1n mientras se mantenga la relaci\u00f3n con el usuario o durante los periodos exigidos por la normativa aplicable.<\/p>\t\t\t\t\t\t\t\t<\/div>\n\t\t\t\t<\/div>\n\t\t\t\t\t<\/div>\n\t\t\t\t<\/div>\n\t\t\t\t<\/div>","protected":false},"excerpt":{"rendered":"<p>Pol\u00edticas de privacidad Pol\u00edtica de Privacidad de DeGuardavidas.com En DeGuardavidas.com tratamos los datos personales de nuestros usuarios de forma responsable [&hellip;]<\/p>\n","protected":false},"author":1,"featured_media":0,"parent":0,"menu_order":0,"comment_status":"closed","ping_status":"closed","template":"","meta":{"_acf_changed":false,"_uag_custom_page_level_css":"","site-sidebar-layout":"no-sidebar","site-content-layout":"page-builder","ast-site-content-layout":"full-width-container","site-content-style":"default","site-sidebar-style":"default","ast-global-header-display":"","ast-banner-title-visibility":"","ast-main-header-display":"","ast-hfb-above-header-display":"","ast-hfb-below-header-display":"","ast-hfb-mobile-header-display":"","site-post-title":"disabled","ast-breadcrumbs-content":"","ast-featured-img":"disabled","footer-sml-layout":"","ast-disable-related-posts":"","theme-transparent-header-meta":"","adv-header-id-meta":"","stick-header-meta":"","header-above-stick-meta":"","header-main-stick-meta":"","header-below-stick-meta":"","astra-migrate-meta-layouts":"set","ast-page-background-enabled":"default","ast-page-background-meta":{"desktop":{"background-color":"var(--ast-global-color-4)","background-image":"","background-repeat":"repeat","background-position":"center center","background-size":"auto","background-attachment":"scroll","background-type":"","background-media":"","overlay-type":"","overlay-color":"","overlay-opacity":"","overlay-gradient":""},"tablet":{"background-color":"","background-image":"","background-repeat":"repeat","background-position":"center center","background-size":"auto","background-attachment":"scroll","background-type":"","background-media":"","overlay-type":"","overlay-color":"","overlay-opacity":"","overlay-gradient":""},"mobile":{"background-color":"","background-image":"","background-repeat":"repeat","background-position":"center center","background-size":"auto","background-attachment":"scroll","background-type":"","background-media":"","overlay-type":"","overlay-color":"","overlay-opacity":"","overlay-gradient":""}},"ast-content-background-meta":{"desktop":{"background-color":"var(--ast-global-color-5)","background-image":"","background-repeat":"repeat","background-position":"center center","background-size":"auto","background-attachment":"scroll","background-type":"","background-media":"","overlay-type":"","overlay-color":"","overlay-opacity":"","overlay-gradient":""},"tablet":{"background-color":"var(--ast-global-color-5)","background-image":"","background-repeat":"repeat","background-position":"center center","background-size":"auto","background-attachment":"scroll","background-type":"","background-media":"","overlay-type":"","overlay-color":"","overlay-opacity":"","overlay-gradient":""},"mobile":{"background-color":"var(--ast-global-color-5)","background-image":"","background-repeat":"repeat","background-position":"center center","background-size":"auto","background-attachment":"scroll","background-type":"","background-media":"","overlay-type":"","overlay-color":"","overlay-opacity":"","overlay-gradient":""}},"footnotes":""},"class_list":["post-4555","page","type-page","status-publish","hentry"],"acf":[],"yoast_head":"<!-- This site is optimized with the Yoast SEO plugin v27.5 - https:\/\/yoast.com\/product\/yoast-seo-wordpress\/ -->\n<title>Pol\u00edticas de privacidad -<\/title>\n<meta name=\"description\" content=\"Pol\u00edticas de privacidad Pol\u00edtica de Privacidad de DeGuardavidas.comEn DeGuardavidas.com tratamos los datos personales de nuestros usuarios de forma\" \/>\n<meta name=\"robots\" content=\"index, follow, max-snippet:-1, max-image-preview:large, max-video-preview:-1\" \/>\n<link rel=\"canonical\" href=\"https:\/\/deguardavidas.com\/en\/privacidad\/\" \/>\n<meta property=\"og:locale\" content=\"en_US\" \/>\n<meta property=\"og:type\" content=\"article\" \/>\n<meta property=\"og:title\" content=\"Pol\u00edticas de privacidad -\" \/>\n<meta property=\"og:description\" content=\"Pol\u00edticas de privacidad Pol\u00edtica de Privacidad de DeGuardavidas.comEn DeGuardavidas.com tratamos los datos personales de nuestros usuarios de forma\" \/>\n<meta property=\"og:url\" content=\"https:\/\/deguardavidas.com\/en\/privacidad\/\" \/>\n<meta property=\"og:site_name\" content=\"De Guardavidas\" \/>\n<meta property=\"article:publisher\" content=\"https:\/\/www.facebook.com\/profile.php?id=100094279952604\" \/>\n<meta property=\"article:modified_time\" content=\"2025-09-18T12:56:13+00:00\" \/>\n<meta property=\"og:image\" content=\"https:\/\/deguardavidas.com\/wp-content\/uploads\/2023\/07\/portugal.jpg\" \/>\n\t<meta property=\"og:image:width\" content=\"1773\" \/>\n\t<meta property=\"og:image:height\" content=\"1772\" \/>\n\t<meta property=\"og:image:type\" content=\"image\/jpeg\" \/>\n<meta name=\"twitter:card\" content=\"summary_large_image\" \/>\n<meta name=\"twitter:label1\" content=\"Est. reading time\" \/>\n\t<meta name=\"twitter:data1\" content=\"1 minute\" \/>\n<script type=\"application\/ld+json\" class=\"yoast-schema-graph\">{\"@context\":\"https:\\\/\\\/schema.org\",\"@graph\":[{\"@type\":\"WebPage\",\"@id\":\"https:\\\/\\\/deguardavidas.com\\\/privacidad\\\/\",\"url\":\"https:\\\/\\\/deguardavidas.com\\\/privacidad\\\/\",\"name\":\"Pol\u00edticas de privacidad -\",\"isPartOf\":{\"@id\":\"https:\\\/\\\/deguardavidas.com\\\/#website\"},\"datePublished\":\"2025-09-18T12:49:26+00:00\",\"dateModified\":\"2025-09-18T12:56:13+00:00\",\"description\":\"Pol\u00edticas de privacidad Pol\u00edtica de Privacidad de DeGuardavidas.comEn DeGuardavidas.com tratamos los datos personales de nuestros usuarios de forma\",\"breadcrumb\":{\"@id\":\"https:\\\/\\\/deguardavidas.com\\\/privacidad\\\/#breadcrumb\"},\"inLanguage\":\"en-US\",\"potentialAction\":[{\"@type\":\"ReadAction\",\"target\":[\"https:\\\/\\\/deguardavidas.com\\\/privacidad\\\/\"]}]},{\"@type\":\"BreadcrumbList\",\"@id\":\"https:\\\/\\\/deguardavidas.com\\\/privacidad\\\/#breadcrumb\",\"itemListElement\":[{\"@type\":\"ListItem\",\"position\":1,\"name\":\"Inicio\",\"item\":\"https:\\\/\\\/deguardavidas.com\\\/\"},{\"@type\":\"ListItem\",\"position\":2,\"name\":\"Pol\u00edticas de privacidad\"}]},{\"@type\":\"WebSite\",\"@id\":\"https:\\\/\\\/deguardavidas.com\\\/#website\",\"url\":\"https:\\\/\\\/deguardavidas.com\\\/\",\"name\":\"De Guardavidas\",\"description\":\"De Guardavidas Para Guardavidas\",\"publisher\":{\"@id\":\"https:\\\/\\\/deguardavidas.com\\\/#organization\"},\"alternateName\":\"De Guardavidas\",\"potentialAction\":[{\"@type\":\"SearchAction\",\"target\":{\"@type\":\"EntryPoint\",\"urlTemplate\":\"https:\\\/\\\/deguardavidas.com\\\/?s={search_term_string}\"},\"query-input\":{\"@type\":\"PropertyValueSpecification\",\"valueRequired\":true,\"valueName\":\"search_term_string\"}}],\"inLanguage\":\"en-US\"},{\"@type\":\"Organization\",\"@id\":\"https:\\\/\\\/deguardavidas.com\\\/#organization\",\"name\":\"De Guardavidas\",\"alternateName\":\"De Guardavidas\",\"url\":\"https:\\\/\\\/deguardavidas.com\\\/\",\"logo\":{\"@type\":\"ImageObject\",\"inLanguage\":\"en-US\",\"@id\":\"https:\\\/\\\/deguardavidas.com\\\/#\\\/schema\\\/logo\\\/image\\\/\",\"url\":\"https:\\\/\\\/deguardavidas.com\\\/wp-content\\\/uploads\\\/2024\\\/02\\\/cropped-aplicaciones-25.png\",\"contentUrl\":\"https:\\\/\\\/deguardavidas.com\\\/wp-content\\\/uploads\\\/2024\\\/02\\\/cropped-aplicaciones-25.png\",\"width\":1161,\"height\":1078,\"caption\":\"De Guardavidas\"},\"image\":{\"@id\":\"https:\\\/\\\/deguardavidas.com\\\/#\\\/schema\\\/logo\\\/image\\\/\"},\"sameAs\":[\"https:\\\/\\\/www.facebook.com\\\/profile.php?id=100094279952604\",\"https:\\\/\\\/www.instagram.com\\\/deguardavidas\\\/\",\"https:\\\/\\\/www.youtube.com\\\/@DeGuardavidas\"]}]}<\/script>\n<!-- \/ Yoast SEO plugin. -->","yoast_head_json":{"title":"Pol\u00edticas de privacidad -","description":"Pol\u00edticas de privacidad Pol\u00edtica de Privacidad de DeGuardavidas.comEn DeGuardavidas.com tratamos los datos personales de nuestros usuarios de forma","robots":{"index":"index","follow":"follow","max-snippet":"max-snippet:-1","max-image-preview":"max-image-preview:large","max-video-preview":"max-video-preview:-1"},"canonical":"https:\/\/deguardavidas.com\/en\/privacidad\/","og_locale":"en_US","og_type":"article","og_title":"Pol\u00edticas de privacidad -","og_description":"Pol\u00edticas de privacidad Pol\u00edtica de Privacidad de DeGuardavidas.comEn DeGuardavidas.com tratamos los datos personales de nuestros usuarios de forma","og_url":"https:\/\/deguardavidas.com\/en\/privacidad\/","og_site_name":"De Guardavidas","article_publisher":"https:\/\/www.facebook.com\/profile.php?id=100094279952604","article_modified_time":"2025-09-18T12:56:13+00:00","og_image":[{"width":1773,"height":1772,"url":"https:\/\/deguardavidas.com\/wp-content\/uploads\/2023\/07\/portugal.jpg","type":"image\/jpeg"}],"twitter_card":"summary_large_image","twitter_misc":{"Est. reading time":"1 minute"},"schema":{"@context":"https:\/\/schema.org","@graph":[{"@type":"WebPage","@id":"https:\/\/deguardavidas.com\/privacidad\/","url":"https:\/\/deguardavidas.com\/privacidad\/","name":"Pol\u00edticas de privacidad -","isPartOf":{"@id":"https:\/\/deguardavidas.com\/#website"},"datePublished":"2025-09-18T12:49:26+00:00","dateModified":"2025-09-18T12:56:13+00:00","description":"Pol\u00edticas de privacidad Pol\u00edtica de Privacidad de DeGuardavidas.comEn DeGuardavidas.com tratamos los datos personales de nuestros usuarios de forma","breadcrumb":{"@id":"https:\/\/deguardavidas.com\/privacidad\/#breadcrumb"},"inLanguage":"en-US","potentialAction":[{"@type":"ReadAction","target":["https:\/\/deguardavidas.com\/privacidad\/"]}]},{"@type":"BreadcrumbList","@id":"https:\/\/deguardavidas.com\/privacidad\/#breadcrumb","itemListElement":[{"@type":"ListItem","position":1,"name":"Inicio","item":"https:\/\/deguardavidas.com\/"},{"@type":"ListItem","position":2,"name":"Pol\u00edticas de privacidad"}]},{"@type":"WebSite","@id":"https:\/\/deguardavidas.com\/#website","url":"https:\/\/deguardavidas.com\/","name":"Lifeguard","description":"De Guardavidas Para Guardavidas","publisher":{"@id":"https:\/\/deguardavidas.com\/#organization"},"alternateName":"De Guardavidas","potentialAction":[{"@type":"SearchAction","target":{"@type":"EntryPoint","urlTemplate":"https:\/\/deguardavidas.com\/?s={search_term_string}"},"query-input":{"@type":"PropertyValueSpecification","valueRequired":true,"valueName":"search_term_string"}}],"inLanguage":"en-US"},{"@type":"Organization","@id":"https:\/\/deguardavidas.com\/#organization","name":"Lifeguard","alternateName":"De Guardavidas","url":"https:\/\/deguardavidas.com\/","logo":{"@type":"ImageObject","inLanguage":"en-US","@id":"https:\/\/deguardavidas.com\/#\/schema\/logo\/image\/","url":"https:\/\/deguardavidas.com\/wp-content\/uploads\/2024\/02\/cropped-aplicaciones-25.png","contentUrl":"https:\/\/deguardavidas.com\/wp-content\/uploads\/2024\/02\/cropped-aplicaciones-25.png","width":1161,"height":1078,"caption":"De Guardavidas"},"image":{"@id":"https:\/\/deguardavidas.com\/#\/schema\/logo\/image\/"},"sameAs":["https:\/\/www.facebook.com\/profile.php?id=100094279952604","https:\/\/www.instagram.com\/deguardavidas\/","https:\/\/www.youtube.com\/@DeGuardavidas"]}]}},"uagb_featured_image_src":{"full":false,"thumbnail":false,"medium":false,"medium_large":false,"large":false,"1536x1536":false,"2048x2048":false,"trp-custom-language-flag":false,"woocommerce_thumbnail":false,"woocommerce_single":false,"woocommerce_gallery_thumbnail":false},"uagb_author_info":{"display_name":"deguardavidas.com","author_link":"https:\/\/deguardavidas.com\/en\/author\/deguardavidas-katastudio-shop\/"},"uagb_comment_info":0,"uagb_excerpt":"Pol\u00edticas de privacidad Pol\u00edtica de Privacidad de DeGuardavidas.com En DeGuardavidas.com tratamos los datos personales de nuestros usuarios de forma responsable [&hellip;]","_links":{"self":[{"href":"https:\/\/deguardavidas.com\/en\/wp-json\/wp\/v2\/pages\/4555","targetHints":{"allow":["GET"]}}],"collection":[{"href":"https:\/\/deguardavidas.com\/en\/wp-json\/wp\/v2\/pages"}],"about":[{"href":"https:\/\/deguardavidas.com\/en\/wp-json\/wp\/v2\/types\/page"}],"author":[{"embeddable":true,"href":"https:\/\/deguardavidas.com\/en\/wp-json\/wp\/v2\/users\/1"}],"replies":[{"embeddable":true,"href":"https:\/\/deguardavidas.com\/en\/wp-json\/wp\/v2\/comments?post=4555"}],"version-history":[{"count":4,"href":"https:\/\/deguardavidas.com\/en\/wp-json\/wp\/v2\/pages\/4555\/revisions"}],"predecessor-version":[{"id":4578,"href":"https:\/\/deguardavidas.com\/en\/wp-json\/wp\/v2\/pages\/4555\/revisions\/4578"}],"wp:attachment":[{"href":"https:\/\/deguardavidas.com\/en\/wp-json\/wp\/v2\/media?parent=4555"}],"curies":[{"name":"wp","href":"https:\/\/api.w.org\/{rel}","templated":true}]}}