{"id":4543,"date":"2025-09-18T09:36:57","date_gmt":"2025-09-18T12:36:57","guid":{"rendered":"https:\/\/deguardavidas.com\/?page_id=4543"},"modified":"2025-09-18T09:51:49","modified_gmt":"2025-09-18T12:51:49","slug":"legal","status":"publish","type":"page","link":"https:\/\/deguardavidas.com\/en\/legal\/","title":{"rendered":"Legal Notice"},"content":{"rendered":"<div data-elementor-type=\"wp-page\" data-elementor-id=\"4543\" class=\"elementor elementor-4543\" data-elementor-post-type=\"page\">\n\t\t\t\t<div class=\"elementor-element elementor-element-5307e6d bdt-backdrop-filter-yes e-flex e-con-boxed bdt-filter-backdrop e-con e-parent\" data-id=\"5307e6d\" data-element_type=\"container\" data-e-type=\"container\" data-settings=\"{&quot;background_background&quot;:&quot;classic&quot;}\">\n\t\t\t\t\t<div class=\"e-con-inner\">\n\t\t\t\t<div class=\"elementor-element elementor-element-badd548 elementor-widget elementor-widget-heading\" data-id=\"badd548\" data-element_type=\"widget\" data-e-type=\"widget\" data-widget_type=\"heading.default\">\n\t\t\t\t<div class=\"elementor-widget-container\">\n\t\t\t\t\t<h2 class=\"elementor-heading-title elementor-size-default\">Legal Notice<\/h2>\t\t\t\t<\/div>\n\t\t\t\t<\/div>\n\t\t\t\t\t<\/div>\n\t\t\t\t<\/div>\n\t\t<div class=\"elementor-element elementor-element-aa84891 e-flex e-con-boxed e-con e-parent\" data-id=\"aa84891\" data-element_type=\"container\" data-e-type=\"container\">\n\t\t\t\t\t<div class=\"e-con-inner\">\n\t\t\t\t<div class=\"elementor-element elementor-element-80c7fb6 elementor-widget elementor-widget-text-editor\" data-id=\"80c7fb6\" data-element_type=\"widget\" data-e-type=\"widget\" data-widget_type=\"text-editor.default\">\n\t\t\t\t<div class=\"elementor-widget-container\">\n\t\t\t\t\t\t\t\t\t<p data-start=\"290\" data-end=\"305\"><strong data-start=\"290\" data-end=\"305\">Aviso Legal<\/strong><\/p><p data-start=\"307\" data-end=\"629\">El presente aviso legal regula el uso del sitio web <a class=\"decorated-link\" href=\"https:\/\/deguardavidas.com\/en\/\" target=\"_new\" rel=\"noopener\" data-start=\"359\" data-end=\"413\">https:\/\/deguardavidas.com<\/a> (en adelante, \u201cel Sitio Web\u201d), cuya titularidad corresponde a <strong data-start=\"476\" data-end=\"494\">Lifeguard<\/strong>, con domicilio en Buenos Aires, Argentina, correo electr\u00f3nico de contacto <strong data-start=\"569\" data-end=\"596\"><a class=\"decorated-link cursor-pointer\" rel=\"noopener\" data-start=\"571\" data-end=\"594\">deguardavidas@gmail.com<\/a><\/strong> y tel\u00e9fono <strong data-start=\"608\" data-end=\"628\">+55 48 9150-4733<\/strong>.<\/p><hr data-start=\"631\" data-end=\"634\" \/><h2 data-start=\"636\" data-end=\"657\">Condiciones de uso<\/h2><p data-start=\"658\" data-end=\"893\">El acceso y utilizaci\u00f3n del Sitio Web atribuyen la condici\u00f3n de usuario e implican la aceptaci\u00f3n plena de las presentes condiciones legales. Si no est\u00e1s de acuerdo con estas condiciones, deber\u00e1s abstenerte de utilizar este sitio web.<\/p><hr data-start=\"895\" data-end=\"898\" \/><h2 data-start=\"900\" data-end=\"937\">Propiedad intelectual e industrial<\/h2><p data-start=\"938\" data-end=\"1332\">Todos los contenidos del Sitio Web, incluyendo textos, im\u00e1genes, dise\u00f1os, logotipos, documentos, software y cualquier otro material, est\u00e1n protegidos por derechos de propiedad intelectual e industrial.<br data-start=\"1139\" data-end=\"1142\" \/>No se permite la reproducci\u00f3n, distribuci\u00f3n, comunicaci\u00f3n p\u00fablica, transformaci\u00f3n o cualquier otro uso de dichos contenidos sin la autorizaci\u00f3n expresa y por escrito de <strong data-start=\"1311\" data-end=\"1329\">Lifeguard<\/strong>.<\/p><hr data-start=\"1334\" data-end=\"1337\" \/><h2 data-start=\"1339\" data-end=\"1357\">Responsabilidad<\/h2><p data-start=\"1358\" data-end=\"1621\"><strong data-start=\"1358\" data-end=\"1376\">Lifeguard<\/strong> no se responsabiliza por el mal uso que los usuarios puedan hacer del Sitio Web ni de la informaci\u00f3n o servicios ofrecidos. Tampoco se garantiza la ausencia de interrupciones, errores t\u00e9cnicos o la transmisi\u00f3n de virus a trav\u00e9s del Sitio Web.<\/p><p data-start=\"1623\" data-end=\"1779\">El usuario es responsable de la utilizaci\u00f3n que realice de la informaci\u00f3n y contenidos del Sitio Web, as\u00ed como de las decisiones que tome en base a ellos.<\/p><hr data-start=\"1781\" data-end=\"1784\" \/><h2 data-start=\"1786\" data-end=\"1807\">Enlaces a terceros<\/h2><p data-start=\"1808\" data-end=\"2009\">El Sitio Web puede contener enlaces a p\u00e1ginas externas que no son gestionadas por <strong data-start=\"1890\" data-end=\"1908\">Lifeguard<\/strong>. No nos hacemos responsables de los contenidos ni de las pol\u00edticas de privacidad de dichos sitios.<\/p><hr data-start=\"2011\" data-end=\"2014\" \/><h2 data-start=\"2016\" data-end=\"2040\">Legislaci\u00f3n aplicable<\/h2><p data-start=\"2041\" data-end=\"2268\">Este Aviso Legal se rige por la legislaci\u00f3n vigente en Argentina. En caso de disputa, las partes se someter\u00e1n a la jurisdicci\u00f3n de los tribunales de la ciudad de Buenos Aires, salvo que la ley aplicable disponga lo contrario.<br \/><br \/>\ud83d\udccc <strong data-start=\"2278\" data-end=\"2303\">\u00daltima actualizaci\u00f3n:<\/strong> 18\/09\/2025.<\/p>\t\t\t\t\t\t\t\t<\/div>\n\t\t\t\t<\/div>\n\t\t\t\t\t<\/div>\n\t\t\t\t<\/div>\n\t\t\t\t<\/div>","protected":false},"excerpt":{"rendered":"<p>Aviso legal Aviso Legal El presente aviso legal regula el uso del sitio web https:\/\/deguardavidas.com (en adelante, \u201cel Sitio Web\u201d), [&hellip;]<\/p>\n","protected":false},"author":1,"featured_media":0,"parent":0,"menu_order":0,"comment_status":"closed","ping_status":"closed","template":"","meta":{"_acf_changed":false,"_uag_custom_page_level_css":"","site-sidebar-layout":"no-sidebar","site-content-layout":"page-builder","ast-site-content-layout":"full-width-container","site-content-style":"default","site-sidebar-style":"default","ast-global-header-display":"","ast-banner-title-visibility":"","ast-main-header-display":"","ast-hfb-above-header-display":"","ast-hfb-below-header-display":"","ast-hfb-mobile-header-display":"","site-post-title":"disabled","ast-breadcrumbs-content":"","ast-featured-img":"disabled","footer-sml-layout":"","ast-disable-related-posts":"","theme-transparent-header-meta":"","adv-header-id-meta":"","stick-header-meta":"","header-above-stick-meta":"","header-main-stick-meta":"","header-below-stick-meta":"","astra-migrate-meta-layouts":"set","ast-page-background-enabled":"default","ast-page-background-meta":{"desktop":{"background-color":"var(--ast-global-color-4)","background-image":"","background-repeat":"repeat","background-position":"center center","background-size":"auto","background-attachment":"scroll","background-type":"","background-media":"","overlay-type":"","overlay-color":"","overlay-opacity":"","overlay-gradient":""},"tablet":{"background-color":"","background-image":"","background-repeat":"repeat","background-position":"center center","background-size":"auto","background-attachment":"scroll","background-type":"","background-media":"","overlay-type":"","overlay-color":"","overlay-opacity":"","overlay-gradient":""},"mobile":{"background-color":"","background-image":"","background-repeat":"repeat","background-position":"center center","background-size":"auto","background-attachment":"scroll","background-type":"","background-media":"","overlay-type":"","overlay-color":"","overlay-opacity":"","overlay-gradient":""}},"ast-content-background-meta":{"desktop":{"background-color":"var(--ast-global-color-5)","background-image":"","background-repeat":"repeat","background-position":"center center","background-size":"auto","background-attachment":"scroll","background-type":"","background-media":"","overlay-type":"","overlay-color":"","overlay-opacity":"","overlay-gradient":""},"tablet":{"background-color":"var(--ast-global-color-5)","background-image":"","background-repeat":"repeat","background-position":"center center","background-size":"auto","background-attachment":"scroll","background-type":"","background-media":"","overlay-type":"","overlay-color":"","overlay-opacity":"","overlay-gradient":""},"mobile":{"background-color":"var(--ast-global-color-5)","background-image":"","background-repeat":"repeat","background-position":"center center","background-size":"auto","background-attachment":"scroll","background-type":"","background-media":"","overlay-type":"","overlay-color":"","overlay-opacity":"","overlay-gradient":""}},"footnotes":""},"class_list":["post-4543","page","type-page","status-publish","hentry"],"acf":[],"yoast_head":"<!-- This site is optimized with the Yoast SEO plugin v27.5 - https:\/\/yoast.com\/product\/yoast-seo-wordpress\/ -->\n<title>Aviso legal -<\/title>\n<meta name=\"description\" content=\"Aviso legal Aviso LegalEl presente aviso legal regula el uso del sitio web https:\/\/deguardavidas.com (en adelante, \u201cel Sitio Web\u201d), cuya titularidad\" \/>\n<meta name=\"robots\" content=\"index, follow, max-snippet:-1, max-image-preview:large, max-video-preview:-1\" \/>\n<link rel=\"canonical\" href=\"https:\/\/deguardavidas.com\/en\/legal\/\" \/>\n<meta property=\"og:locale\" content=\"en_US\" \/>\n<meta property=\"og:type\" content=\"article\" \/>\n<meta property=\"og:title\" content=\"Aviso legal -\" \/>\n<meta property=\"og:description\" content=\"Aviso legal Aviso LegalEl presente aviso legal regula el uso del sitio web https:\/\/deguardavidas.com (en adelante, \u201cel Sitio Web\u201d), cuya titularidad\" \/>\n<meta property=\"og:url\" content=\"https:\/\/deguardavidas.com\/en\/legal\/\" \/>\n<meta property=\"og:site_name\" content=\"De Guardavidas\" \/>\n<meta property=\"article:publisher\" content=\"https:\/\/www.facebook.com\/profile.php?id=100094279952604\" \/>\n<meta property=\"article:modified_time\" content=\"2025-09-18T12:51:49+00:00\" \/>\n<meta property=\"og:image\" content=\"https:\/\/deguardavidas.com\/wp-content\/uploads\/2023\/07\/portugal.jpg\" \/>\n\t<meta property=\"og:image:width\" content=\"1773\" \/>\n\t<meta property=\"og:image:height\" content=\"1772\" \/>\n\t<meta property=\"og:image:type\" content=\"image\/jpeg\" \/>\n<meta name=\"twitter:card\" content=\"summary_large_image\" \/>\n<meta name=\"twitter:label1\" content=\"Est. reading time\" \/>\n\t<meta name=\"twitter:data1\" content=\"2 minutes\" \/>\n<script type=\"application\/ld+json\" class=\"yoast-schema-graph\">{\"@context\":\"https:\\\/\\\/schema.org\",\"@graph\":[{\"@type\":\"WebPage\",\"@id\":\"https:\\\/\\\/deguardavidas.com\\\/legal\\\/\",\"url\":\"https:\\\/\\\/deguardavidas.com\\\/legal\\\/\",\"name\":\"Aviso legal -\",\"isPartOf\":{\"@id\":\"https:\\\/\\\/deguardavidas.com\\\/#website\"},\"datePublished\":\"2025-09-18T12:36:57+00:00\",\"dateModified\":\"2025-09-18T12:51:49+00:00\",\"description\":\"Aviso legal Aviso LegalEl presente aviso legal regula el uso del sitio web https:\\\/\\\/deguardavidas.com (en adelante, \u201cel Sitio Web\u201d), cuya titularidad\",\"breadcrumb\":{\"@id\":\"https:\\\/\\\/deguardavidas.com\\\/legal\\\/#breadcrumb\"},\"inLanguage\":\"en-US\",\"potentialAction\":[{\"@type\":\"ReadAction\",\"target\":[\"https:\\\/\\\/deguardavidas.com\\\/legal\\\/\"]}]},{\"@type\":\"BreadcrumbList\",\"@id\":\"https:\\\/\\\/deguardavidas.com\\\/legal\\\/#breadcrumb\",\"itemListElement\":[{\"@type\":\"ListItem\",\"position\":1,\"name\":\"Inicio\",\"item\":\"https:\\\/\\\/deguardavidas.com\\\/\"},{\"@type\":\"ListItem\",\"position\":2,\"name\":\"Aviso legal\"}]},{\"@type\":\"WebSite\",\"@id\":\"https:\\\/\\\/deguardavidas.com\\\/#website\",\"url\":\"https:\\\/\\\/deguardavidas.com\\\/\",\"name\":\"De Guardavidas\",\"description\":\"De Guardavidas Para Guardavidas\",\"publisher\":{\"@id\":\"https:\\\/\\\/deguardavidas.com\\\/#organization\"},\"alternateName\":\"De Guardavidas\",\"potentialAction\":[{\"@type\":\"SearchAction\",\"target\":{\"@type\":\"EntryPoint\",\"urlTemplate\":\"https:\\\/\\\/deguardavidas.com\\\/?s={search_term_string}\"},\"query-input\":{\"@type\":\"PropertyValueSpecification\",\"valueRequired\":true,\"valueName\":\"search_term_string\"}}],\"inLanguage\":\"en-US\"},{\"@type\":\"Organization\",\"@id\":\"https:\\\/\\\/deguardavidas.com\\\/#organization\",\"name\":\"De Guardavidas\",\"alternateName\":\"De Guardavidas\",\"url\":\"https:\\\/\\\/deguardavidas.com\\\/\",\"logo\":{\"@type\":\"ImageObject\",\"inLanguage\":\"en-US\",\"@id\":\"https:\\\/\\\/deguardavidas.com\\\/#\\\/schema\\\/logo\\\/image\\\/\",\"url\":\"https:\\\/\\\/deguardavidas.com\\\/wp-content\\\/uploads\\\/2024\\\/02\\\/cropped-aplicaciones-25.png\",\"contentUrl\":\"https:\\\/\\\/deguardavidas.com\\\/wp-content\\\/uploads\\\/2024\\\/02\\\/cropped-aplicaciones-25.png\",\"width\":1161,\"height\":1078,\"caption\":\"De Guardavidas\"},\"image\":{\"@id\":\"https:\\\/\\\/deguardavidas.com\\\/#\\\/schema\\\/logo\\\/image\\\/\"},\"sameAs\":[\"https:\\\/\\\/www.facebook.com\\\/profile.php?id=100094279952604\",\"https:\\\/\\\/www.instagram.com\\\/deguardavidas\\\/\",\"https:\\\/\\\/www.youtube.com\\\/@DeGuardavidas\"]}]}<\/script>\n<!-- \/ Yoast SEO plugin. -->","yoast_head_json":{"title":"Aviso legal -","description":"Aviso legal Aviso LegalEl presente aviso legal regula el uso del sitio web https:\/\/deguardavidas.com (en adelante, \u201cel Sitio Web\u201d), cuya titularidad","robots":{"index":"index","follow":"follow","max-snippet":"max-snippet:-1","max-image-preview":"max-image-preview:large","max-video-preview":"max-video-preview:-1"},"canonical":"https:\/\/deguardavidas.com\/en\/legal\/","og_locale":"en_US","og_type":"article","og_title":"Aviso legal -","og_description":"Aviso legal Aviso LegalEl presente aviso legal regula el uso del sitio web https:\/\/deguardavidas.com (en adelante, \u201cel Sitio Web\u201d), cuya titularidad","og_url":"https:\/\/deguardavidas.com\/en\/legal\/","og_site_name":"De Guardavidas","article_publisher":"https:\/\/www.facebook.com\/profile.php?id=100094279952604","article_modified_time":"2025-09-18T12:51:49+00:00","og_image":[{"width":1773,"height":1772,"url":"https:\/\/deguardavidas.com\/wp-content\/uploads\/2023\/07\/portugal.jpg","type":"image\/jpeg"}],"twitter_card":"summary_large_image","twitter_misc":{"Est. reading time":"2 minutes"},"schema":{"@context":"https:\/\/schema.org","@graph":[{"@type":"WebPage","@id":"https:\/\/deguardavidas.com\/legal\/","url":"https:\/\/deguardavidas.com\/legal\/","name":"Aviso legal -","isPartOf":{"@id":"https:\/\/deguardavidas.com\/#website"},"datePublished":"2025-09-18T12:36:57+00:00","dateModified":"2025-09-18T12:51:49+00:00","description":"Aviso legal Aviso LegalEl presente aviso legal regula el uso del sitio web https:\/\/deguardavidas.com (en adelante, \u201cel Sitio Web\u201d), cuya titularidad","breadcrumb":{"@id":"https:\/\/deguardavidas.com\/legal\/#breadcrumb"},"inLanguage":"en-US","potentialAction":[{"@type":"ReadAction","target":["https:\/\/deguardavidas.com\/legal\/"]}]},{"@type":"BreadcrumbList","@id":"https:\/\/deguardavidas.com\/legal\/#breadcrumb","itemListElement":[{"@type":"ListItem","position":1,"name":"Inicio","item":"https:\/\/deguardavidas.com\/"},{"@type":"ListItem","position":2,"name":"Aviso legal"}]},{"@type":"WebSite","@id":"https:\/\/deguardavidas.com\/#website","url":"https:\/\/deguardavidas.com\/","name":"Lifeguard","description":"De Guardavidas Para Guardavidas","publisher":{"@id":"https:\/\/deguardavidas.com\/#organization"},"alternateName":"De Guardavidas","potentialAction":[{"@type":"SearchAction","target":{"@type":"EntryPoint","urlTemplate":"https:\/\/deguardavidas.com\/?s={search_term_string}"},"query-input":{"@type":"PropertyValueSpecification","valueRequired":true,"valueName":"search_term_string"}}],"inLanguage":"en-US"},{"@type":"Organization","@id":"https:\/\/deguardavidas.com\/#organization","name":"Lifeguard","alternateName":"De Guardavidas","url":"https:\/\/deguardavidas.com\/","logo":{"@type":"ImageObject","inLanguage":"en-US","@id":"https:\/\/deguardavidas.com\/#\/schema\/logo\/image\/","url":"https:\/\/deguardavidas.com\/wp-content\/uploads\/2024\/02\/cropped-aplicaciones-25.png","contentUrl":"https:\/\/deguardavidas.com\/wp-content\/uploads\/2024\/02\/cropped-aplicaciones-25.png","width":1161,"height":1078,"caption":"De Guardavidas"},"image":{"@id":"https:\/\/deguardavidas.com\/#\/schema\/logo\/image\/"},"sameAs":["https:\/\/www.facebook.com\/profile.php?id=100094279952604","https:\/\/www.instagram.com\/deguardavidas\/","https:\/\/www.youtube.com\/@DeGuardavidas"]}]}},"uagb_featured_image_src":{"full":false,"thumbnail":false,"medium":false,"medium_large":false,"large":false,"1536x1536":false,"2048x2048":false,"trp-custom-language-flag":false,"woocommerce_thumbnail":false,"woocommerce_single":false,"woocommerce_gallery_thumbnail":false},"uagb_author_info":{"display_name":"deguardavidas.com","author_link":"https:\/\/deguardavidas.com\/en\/author\/deguardavidas-katastudio-shop\/"},"uagb_comment_info":0,"uagb_excerpt":"Aviso legal Aviso Legal El presente aviso legal regula el uso del sitio web https:\/\/deguardavidas.com (en adelante, \u201cel Sitio Web\u201d), [&hellip;]","_links":{"self":[{"href":"https:\/\/deguardavidas.com\/en\/wp-json\/wp\/v2\/pages\/4543","targetHints":{"allow":["GET"]}}],"collection":[{"href":"https:\/\/deguardavidas.com\/en\/wp-json\/wp\/v2\/pages"}],"about":[{"href":"https:\/\/deguardavidas.com\/en\/wp-json\/wp\/v2\/types\/page"}],"author":[{"embeddable":true,"href":"https:\/\/deguardavidas.com\/en\/wp-json\/wp\/v2\/users\/1"}],"replies":[{"embeddable":true,"href":"https:\/\/deguardavidas.com\/en\/wp-json\/wp\/v2\/comments?post=4543"}],"version-history":[{"count":7,"href":"https:\/\/deguardavidas.com\/en\/wp-json\/wp\/v2\/pages\/4543\/revisions"}],"predecessor-version":[{"id":4567,"href":"https:\/\/deguardavidas.com\/en\/wp-json\/wp\/v2\/pages\/4543\/revisions\/4567"}],"wp:attachment":[{"href":"https:\/\/deguardavidas.com\/en\/wp-json\/wp\/v2\/media?parent=4543"}],"curies":[{"name":"wp","href":"https:\/\/api.w.org\/{rel}","templated":true}]}}