{"id":4541,"date":"2025-09-18T09:34:58","date_gmt":"2025-09-18T12:34:58","guid":{"rendered":"https:\/\/deguardavidas.com\/?page_id=4541"},"modified":"2025-09-18T09:58:14","modified_gmt":"2025-09-18T12:58:14","slug":"accesibilidad","status":"publish","type":"page","link":"https:\/\/deguardavidas.com\/en\/accesibilidad\/","title":{"rendered":"Accessibility"},"content":{"rendered":"<div data-elementor-type=\"wp-page\" data-elementor-id=\"4541\" class=\"elementor elementor-4541\" data-elementor-post-type=\"page\">\n\t\t\t\t<div class=\"elementor-element elementor-element-6ef4ab8 bdt-backdrop-filter-yes e-flex e-con-boxed bdt-filter-backdrop e-con e-parent\" data-id=\"6ef4ab8\" data-element_type=\"container\" data-e-type=\"container\" data-settings=\"{&quot;background_background&quot;:&quot;classic&quot;}\">\n\t\t\t\t\t<div class=\"e-con-inner\">\n\t\t\t\t<div class=\"elementor-element elementor-element-9a7ae45 elementor-widget elementor-widget-heading\" data-id=\"9a7ae45\" data-element_type=\"widget\" data-e-type=\"widget\" data-widget_type=\"heading.default\">\n\t\t\t\t<div class=\"elementor-widget-container\">\n\t\t\t\t\t<h2 class=\"elementor-heading-title elementor-size-default\">Accessibility<\/h2>\t\t\t\t<\/div>\n\t\t\t\t<\/div>\n\t\t\t\t\t<\/div>\n\t\t\t\t<\/div>\n\t\t<div class=\"elementor-element elementor-element-1c03ff8 e-flex e-con-boxed e-con e-parent\" data-id=\"1c03ff8\" data-element_type=\"container\" data-e-type=\"container\">\n\t\t\t\t\t<div class=\"e-con-inner\">\n\t\t\t\t<div class=\"elementor-element elementor-element-7af6519 elementor-widget elementor-widget-text-editor\" data-id=\"7af6519\" data-element_type=\"widget\" data-e-type=\"widget\" data-widget_type=\"text-editor.default\">\n\t\t\t\t<div class=\"elementor-widget-container\">\n\t\t\t\t\t\t\t\t\t<p data-start=\"311\" data-end=\"364\"><strong data-start=\"311\" data-end=\"364\">Declaraci\u00f3n de Accesibilidad de DeGuardavidas.com<\/strong><\/p><p data-start=\"366\" data-end=\"673\">En <strong data-start=\"369\" data-end=\"390\">DeGuardavidas.com<\/strong> trabajamos para que nuestro sitio web sea accesible para todas las personas, independientemente de sus capacidades f\u00edsicas, sensoriales o tecnol\u00f3gicas. Nuestro objetivo es que cualquier usuario pueda navegar, interactuar y acceder a la informaci\u00f3n de manera sencilla y sin barreras.<\/p><hr data-start=\"675\" data-end=\"678\" \/><h2 data-start=\"680\" data-end=\"714\">Compromiso con la accesibilidad<\/h2><p data-start=\"715\" data-end=\"947\">Nos esforzamos por cumplir con las <strong data-start=\"750\" data-end=\"810\">Pautas de Accesibilidad para el Contenido Web (WCAG) 2.1<\/strong>, en el nivel AA, que constituyen el est\u00e1ndar internacional en materia de accesibilidad. Estas pautas buscan garantizar que la web sea:<\/p><ul data-start=\"948\" data-end=\"1283\"><li data-start=\"948\" data-end=\"1025\"><p data-start=\"950\" data-end=\"1025\"><strong data-start=\"950\" data-end=\"965\">Perceptible<\/strong>: el contenido puede ser percibido por todos los usuarios.<\/p><\/li><li data-start=\"1026\" data-end=\"1111\"><p data-start=\"1028\" data-end=\"1111\"><strong data-start=\"1028\" data-end=\"1040\">Operable<\/strong>: la navegaci\u00f3n y los elementos interactivos son f\u00e1ciles de utilizar.<\/p><\/li><li data-start=\"1112\" data-end=\"1194\"><p data-start=\"1114\" data-end=\"1194\"><strong data-start=\"1114\" data-end=\"1130\">Comprensible<\/strong>: la informaci\u00f3n y el manejo de la web son claros y sencillos.<\/p><\/li><li data-start=\"1195\" data-end=\"1283\"><p data-start=\"1197\" data-end=\"1283\"><strong data-start=\"1197\" data-end=\"1208\">Robusto<\/strong>: el sitio se adapta a distintas tecnolog\u00edas de asistencia y navegadores.<\/p><\/li><\/ul><hr data-start=\"1285\" data-end=\"1288\" \/><h2 data-start=\"1290\" data-end=\"1310\">Medidas adoptadas<\/h2><p data-start=\"1311\" data-end=\"1408\">En <strong data-start=\"1314\" data-end=\"1335\">DeGuardavidas.com<\/strong> hemos implementado diferentes pr\u00e1cticas para mejorar la accesibilidad:<\/p><ul data-start=\"1409\" data-end=\"1955\"><li data-start=\"1409\" data-end=\"1492\"><p data-start=\"1411\" data-end=\"1492\">Dise\u00f1o <strong data-start=\"1418\" data-end=\"1432\">responsive<\/strong>, adaptado a dispositivos m\u00f3viles, tabletas y ordenadores.<\/p><\/li><li data-start=\"1493\" data-end=\"1547\"><p data-start=\"1495\" data-end=\"1547\">Contraste de colores adecuado entre fondo y texto.<\/p><\/li><li data-start=\"1548\" data-end=\"1627\"><p data-start=\"1550\" data-end=\"1627\">Navegaci\u00f3n clara mediante men\u00fas estructurados y jerarqu\u00eda visual coherente.<\/p><\/li><li data-start=\"1628\" data-end=\"1692\"><p data-start=\"1630\" data-end=\"1692\">Textos alternativos (atributo <em data-start=\"1660\" data-end=\"1665\">alt<\/em>) en im\u00e1genes relevantes.<\/p><\/li><li data-start=\"1693\" data-end=\"1767\"><p data-start=\"1695\" data-end=\"1767\">Formularios con etiquetas claras y campos accesibles mediante teclado.<\/p><\/li><li data-start=\"1768\" data-end=\"1844\"><p data-start=\"1770\" data-end=\"1844\">Posibilidad de ampliar el tama\u00f1o del texto sin p\u00e9rdida de funcionalidad.<\/p><\/li><li data-start=\"1845\" data-end=\"1955\"><p data-start=\"1847\" data-end=\"1955\">Evitamos el uso de contenidos que puedan provocar convulsiones o reacciones adversas (ejemplo: destellos).<\/p><\/li><\/ul><hr data-start=\"1957\" data-end=\"1960\" \/><h2 data-start=\"1962\" data-end=\"1996\">Limitaciones y mejoras en curso<\/h2><p data-start=\"1997\" data-end=\"2208\">A pesar de nuestros esfuerzos, es posible que algunos contenidos a\u00fan no cumplan completamente con los est\u00e1ndares de accesibilidad. Estamos trabajando de manera continua para detectar y corregir estos aspectos.<\/p><p data-start=\"2210\" data-end=\"2253\">Entre las mejoras pendientes se incluyen:<\/p><ul data-start=\"2254\" data-end=\"2513\"><li data-start=\"2254\" data-end=\"2339\"><p data-start=\"2256\" data-end=\"2339\">Optimizaci\u00f3n de documentos PDF para su correcta lectura con lectores de pantalla.<\/p><\/li><li data-start=\"2340\" data-end=\"2428\"><p data-start=\"2342\" data-end=\"2428\">Revisi\u00f3n de algunos elementos multimedia para asegurar subt\u00edtulos o transcripciones.<\/p><\/li><li data-start=\"2429\" data-end=\"2513\"><p data-start=\"2431\" data-end=\"2513\">Ampliaci\u00f3n de pruebas con tecnolog\u00edas de asistencia como NVDA, JAWS y VoiceOver.<\/p><\/li><\/ul><hr data-start=\"2515\" data-end=\"2518\" \/><h2 data-start=\"2520\" data-end=\"2545\">Contacto y sugerencias<\/h2><p data-start=\"2546\" data-end=\"2745\">Nuestro compromiso con la accesibilidad es constante. Si encuentras alguna dificultad al acceder a los contenidos de este sitio web o tienes sugerencias de mejora, por favor comun\u00edcalo a trav\u00e9s de:<\/p><p data-start=\"2747\" data-end=\"2810\">\ud83d\udce7 <strong data-start=\"2750\" data-end=\"2773\">deguardavidas@gmail.com<\/strong><br data-start=\"2773\" data-end=\"2776\" \/>\ud83d\udccd <strong data-start=\"2779\" data-end=\"2810\">Buenos Aires, Argentina<\/strong><\/p><p data-start=\"2812\" data-end=\"2885\">Nos comprometemos a responder y dar soluci\u00f3n en el menor plazo posible.<\/p>\t\t\t\t\t\t\t\t<\/div>\n\t\t\t\t<\/div>\n\t\t\t\t\t<\/div>\n\t\t\t\t<\/div>\n\t\t\t\t<\/div>","protected":false},"excerpt":{"rendered":"<p>Accesibilidad Declaraci\u00f3n de Accesibilidad de DeGuardavidas.com En DeGuardavidas.com trabajamos para que nuestro sitio web sea accesible para todas las personas, [&hellip;]<\/p>\n","protected":false},"author":1,"featured_media":0,"parent":0,"menu_order":0,"comment_status":"closed","ping_status":"closed","template":"","meta":{"_acf_changed":false,"_uag_custom_page_level_css":"","site-sidebar-layout":"no-sidebar","site-content-layout":"page-builder","ast-site-content-layout":"full-width-container","site-content-style":"default","site-sidebar-style":"default","ast-global-header-display":"","ast-banner-title-visibility":"","ast-main-header-display":"","ast-hfb-above-header-display":"","ast-hfb-below-header-display":"","ast-hfb-mobile-header-display":"","site-post-title":"disabled","ast-breadcrumbs-content":"","ast-featured-img":"disabled","footer-sml-layout":"","ast-disable-related-posts":"","theme-transparent-header-meta":"","adv-header-id-meta":"","stick-header-meta":"","header-above-stick-meta":"","header-main-stick-meta":"","header-below-stick-meta":"","astra-migrate-meta-layouts":"set","ast-page-background-enabled":"default","ast-page-background-meta":{"desktop":{"background-color":"var(--ast-global-color-4)","background-image":"","background-repeat":"repeat","background-position":"center center","background-size":"auto","background-attachment":"scroll","background-type":"","background-media":"","overlay-type":"","overlay-color":"","overlay-opacity":"","overlay-gradient":""},"tablet":{"background-color":"","background-image":"","background-repeat":"repeat","background-position":"center center","background-size":"auto","background-attachment":"scroll","background-type":"","background-media":"","overlay-type":"","overlay-color":"","overlay-opacity":"","overlay-gradient":""},"mobile":{"background-color":"","background-image":"","background-repeat":"repeat","background-position":"center center","background-size":"auto","background-attachment":"scroll","background-type":"","background-media":"","overlay-type":"","overlay-color":"","overlay-opacity":"","overlay-gradient":""}},"ast-content-background-meta":{"desktop":{"background-color":"var(--ast-global-color-5)","background-image":"","background-repeat":"repeat","background-position":"center center","background-size":"auto","background-attachment":"scroll","background-type":"","background-media":"","overlay-type":"","overlay-color":"","overlay-opacity":"","overlay-gradient":""},"tablet":{"background-color":"var(--ast-global-color-5)","background-image":"","background-repeat":"repeat","background-position":"center center","background-size":"auto","background-attachment":"scroll","background-type":"","background-media":"","overlay-type":"","overlay-color":"","overlay-opacity":"","overlay-gradient":""},"mobile":{"background-color":"var(--ast-global-color-5)","background-image":"","background-repeat":"repeat","background-position":"center center","background-size":"auto","background-attachment":"scroll","background-type":"","background-media":"","overlay-type":"","overlay-color":"","overlay-opacity":"","overlay-gradient":""}},"footnotes":""},"class_list":["post-4541","page","type-page","status-publish","hentry"],"acf":[],"yoast_head":"<!-- This site is optimized with the Yoast SEO plugin v27.5 - https:\/\/yoast.com\/product\/yoast-seo-wordpress\/ -->\n<title>Accesibilidad -<\/title>\n<meta name=\"description\" content=\"Accesibilidad Declaraci\u00f3n de Accesibilidad de DeGuardavidas.comEn DeGuardavidas.com trabajamos para que nuestro sitio web sea accesible para todas las\" \/>\n<meta name=\"robots\" content=\"index, follow, max-snippet:-1, max-image-preview:large, max-video-preview:-1\" \/>\n<link rel=\"canonical\" href=\"https:\/\/deguardavidas.com\/en\/accesibilidad\/\" \/>\n<meta property=\"og:locale\" content=\"en_US\" \/>\n<meta property=\"og:type\" content=\"article\" \/>\n<meta property=\"og:title\" content=\"Accesibilidad -\" \/>\n<meta property=\"og:description\" content=\"Accesibilidad Declaraci\u00f3n de Accesibilidad de DeGuardavidas.comEn DeGuardavidas.com trabajamos para que nuestro sitio web sea accesible para todas las\" \/>\n<meta property=\"og:url\" content=\"https:\/\/deguardavidas.com\/en\/accesibilidad\/\" \/>\n<meta property=\"og:site_name\" content=\"De Guardavidas\" \/>\n<meta property=\"article:publisher\" content=\"https:\/\/www.facebook.com\/profile.php?id=100094279952604\" \/>\n<meta property=\"article:modified_time\" content=\"2025-09-18T12:58:14+00:00\" \/>\n<meta property=\"og:image\" content=\"https:\/\/deguardavidas.com\/wp-content\/uploads\/2023\/07\/portugal.jpg\" \/>\n\t<meta property=\"og:image:width\" content=\"1773\" \/>\n\t<meta property=\"og:image:height\" content=\"1772\" \/>\n\t<meta property=\"og:image:type\" content=\"image\/jpeg\" \/>\n<meta name=\"twitter:card\" content=\"summary_large_image\" \/>\n<meta name=\"twitter:label1\" content=\"Est. reading time\" \/>\n\t<meta name=\"twitter:data1\" content=\"2 minutes\" \/>\n<script type=\"application\/ld+json\" class=\"yoast-schema-graph\">{\"@context\":\"https:\\\/\\\/schema.org\",\"@graph\":[{\"@type\":\"WebPage\",\"@id\":\"https:\\\/\\\/deguardavidas.com\\\/accesibilidad\\\/\",\"url\":\"https:\\\/\\\/deguardavidas.com\\\/accesibilidad\\\/\",\"name\":\"Accesibilidad -\",\"isPartOf\":{\"@id\":\"https:\\\/\\\/deguardavidas.com\\\/#website\"},\"datePublished\":\"2025-09-18T12:34:58+00:00\",\"dateModified\":\"2025-09-18T12:58:14+00:00\",\"description\":\"Accesibilidad Declaraci\u00f3n de Accesibilidad de DeGuardavidas.comEn DeGuardavidas.com trabajamos para que nuestro sitio web sea accesible para todas las\",\"breadcrumb\":{\"@id\":\"https:\\\/\\\/deguardavidas.com\\\/accesibilidad\\\/#breadcrumb\"},\"inLanguage\":\"en-US\",\"potentialAction\":[{\"@type\":\"ReadAction\",\"target\":[\"https:\\\/\\\/deguardavidas.com\\\/accesibilidad\\\/\"]}]},{\"@type\":\"BreadcrumbList\",\"@id\":\"https:\\\/\\\/deguardavidas.com\\\/accesibilidad\\\/#breadcrumb\",\"itemListElement\":[{\"@type\":\"ListItem\",\"position\":1,\"name\":\"Inicio\",\"item\":\"https:\\\/\\\/deguardavidas.com\\\/\"},{\"@type\":\"ListItem\",\"position\":2,\"name\":\"Accesibilidad\"}]},{\"@type\":\"WebSite\",\"@id\":\"https:\\\/\\\/deguardavidas.com\\\/#website\",\"url\":\"https:\\\/\\\/deguardavidas.com\\\/\",\"name\":\"De Guardavidas\",\"description\":\"De Guardavidas Para Guardavidas\",\"publisher\":{\"@id\":\"https:\\\/\\\/deguardavidas.com\\\/#organization\"},\"alternateName\":\"De Guardavidas\",\"potentialAction\":[{\"@type\":\"SearchAction\",\"target\":{\"@type\":\"EntryPoint\",\"urlTemplate\":\"https:\\\/\\\/deguardavidas.com\\\/?s={search_term_string}\"},\"query-input\":{\"@type\":\"PropertyValueSpecification\",\"valueRequired\":true,\"valueName\":\"search_term_string\"}}],\"inLanguage\":\"en-US\"},{\"@type\":\"Organization\",\"@id\":\"https:\\\/\\\/deguardavidas.com\\\/#organization\",\"name\":\"De Guardavidas\",\"alternateName\":\"De Guardavidas\",\"url\":\"https:\\\/\\\/deguardavidas.com\\\/\",\"logo\":{\"@type\":\"ImageObject\",\"inLanguage\":\"en-US\",\"@id\":\"https:\\\/\\\/deguardavidas.com\\\/#\\\/schema\\\/logo\\\/image\\\/\",\"url\":\"https:\\\/\\\/deguardavidas.com\\\/wp-content\\\/uploads\\\/2024\\\/02\\\/cropped-aplicaciones-25.png\",\"contentUrl\":\"https:\\\/\\\/deguardavidas.com\\\/wp-content\\\/uploads\\\/2024\\\/02\\\/cropped-aplicaciones-25.png\",\"width\":1161,\"height\":1078,\"caption\":\"De Guardavidas\"},\"image\":{\"@id\":\"https:\\\/\\\/deguardavidas.com\\\/#\\\/schema\\\/logo\\\/image\\\/\"},\"sameAs\":[\"https:\\\/\\\/www.facebook.com\\\/profile.php?id=100094279952604\",\"https:\\\/\\\/www.instagram.com\\\/deguardavidas\\\/\",\"https:\\\/\\\/www.youtube.com\\\/@DeGuardavidas\"]}]}<\/script>\n<!-- \/ Yoast SEO plugin. -->","yoast_head_json":{"title":"Accesibilidad -","description":"Accesibilidad Declaraci\u00f3n de Accesibilidad de DeGuardavidas.comEn DeGuardavidas.com trabajamos para que nuestro sitio web sea accesible para todas las","robots":{"index":"index","follow":"follow","max-snippet":"max-snippet:-1","max-image-preview":"max-image-preview:large","max-video-preview":"max-video-preview:-1"},"canonical":"https:\/\/deguardavidas.com\/en\/accesibilidad\/","og_locale":"en_US","og_type":"article","og_title":"Accesibilidad -","og_description":"Accesibilidad Declaraci\u00f3n de Accesibilidad de DeGuardavidas.comEn DeGuardavidas.com trabajamos para que nuestro sitio web sea accesible para todas las","og_url":"https:\/\/deguardavidas.com\/en\/accesibilidad\/","og_site_name":"De Guardavidas","article_publisher":"https:\/\/www.facebook.com\/profile.php?id=100094279952604","article_modified_time":"2025-09-18T12:58:14+00:00","og_image":[{"width":1773,"height":1772,"url":"https:\/\/deguardavidas.com\/wp-content\/uploads\/2023\/07\/portugal.jpg","type":"image\/jpeg"}],"twitter_card":"summary_large_image","twitter_misc":{"Est. reading time":"2 minutes"},"schema":{"@context":"https:\/\/schema.org","@graph":[{"@type":"WebPage","@id":"https:\/\/deguardavidas.com\/accesibilidad\/","url":"https:\/\/deguardavidas.com\/accesibilidad\/","name":"Accesibilidad -","isPartOf":{"@id":"https:\/\/deguardavidas.com\/#website"},"datePublished":"2025-09-18T12:34:58+00:00","dateModified":"2025-09-18T12:58:14+00:00","description":"Accesibilidad Declaraci\u00f3n de Accesibilidad de DeGuardavidas.comEn DeGuardavidas.com trabajamos para que nuestro sitio web sea accesible para todas las","breadcrumb":{"@id":"https:\/\/deguardavidas.com\/accesibilidad\/#breadcrumb"},"inLanguage":"en-US","potentialAction":[{"@type":"ReadAction","target":["https:\/\/deguardavidas.com\/accesibilidad\/"]}]},{"@type":"BreadcrumbList","@id":"https:\/\/deguardavidas.com\/accesibilidad\/#breadcrumb","itemListElement":[{"@type":"ListItem","position":1,"name":"Inicio","item":"https:\/\/deguardavidas.com\/"},{"@type":"ListItem","position":2,"name":"Accesibilidad"}]},{"@type":"WebSite","@id":"https:\/\/deguardavidas.com\/#website","url":"https:\/\/deguardavidas.com\/","name":"Lifeguard","description":"De Guardavidas Para Guardavidas","publisher":{"@id":"https:\/\/deguardavidas.com\/#organization"},"alternateName":"De Guardavidas","potentialAction":[{"@type":"SearchAction","target":{"@type":"EntryPoint","urlTemplate":"https:\/\/deguardavidas.com\/?s={search_term_string}"},"query-input":{"@type":"PropertyValueSpecification","valueRequired":true,"valueName":"search_term_string"}}],"inLanguage":"en-US"},{"@type":"Organization","@id":"https:\/\/deguardavidas.com\/#organization","name":"Lifeguard","alternateName":"De Guardavidas","url":"https:\/\/deguardavidas.com\/","logo":{"@type":"ImageObject","inLanguage":"en-US","@id":"https:\/\/deguardavidas.com\/#\/schema\/logo\/image\/","url":"https:\/\/deguardavidas.com\/wp-content\/uploads\/2024\/02\/cropped-aplicaciones-25.png","contentUrl":"https:\/\/deguardavidas.com\/wp-content\/uploads\/2024\/02\/cropped-aplicaciones-25.png","width":1161,"height":1078,"caption":"De Guardavidas"},"image":{"@id":"https:\/\/deguardavidas.com\/#\/schema\/logo\/image\/"},"sameAs":["https:\/\/www.facebook.com\/profile.php?id=100094279952604","https:\/\/www.instagram.com\/deguardavidas\/","https:\/\/www.youtube.com\/@DeGuardavidas"]}]}},"uagb_featured_image_src":{"full":false,"thumbnail":false,"medium":false,"medium_large":false,"large":false,"1536x1536":false,"2048x2048":false,"trp-custom-language-flag":false,"woocommerce_thumbnail":false,"woocommerce_single":false,"woocommerce_gallery_thumbnail":false},"uagb_author_info":{"display_name":"deguardavidas.com","author_link":"https:\/\/deguardavidas.com\/en\/author\/deguardavidas-katastudio-shop\/"},"uagb_comment_info":0,"uagb_excerpt":"Accesibilidad Declaraci\u00f3n de Accesibilidad de DeGuardavidas.com En DeGuardavidas.com trabajamos para que nuestro sitio web sea accesible para todas las personas, [&hellip;]","_links":{"self":[{"href":"https:\/\/deguardavidas.com\/en\/wp-json\/wp\/v2\/pages\/4541","targetHints":{"allow":["GET"]}}],"collection":[{"href":"https:\/\/deguardavidas.com\/en\/wp-json\/wp\/v2\/pages"}],"about":[{"href":"https:\/\/deguardavidas.com\/en\/wp-json\/wp\/v2\/types\/page"}],"author":[{"embeddable":true,"href":"https:\/\/deguardavidas.com\/en\/wp-json\/wp\/v2\/users\/1"}],"replies":[{"embeddable":true,"href":"https:\/\/deguardavidas.com\/en\/wp-json\/wp\/v2\/comments?post=4541"}],"version-history":[{"count":19,"href":"https:\/\/deguardavidas.com\/en\/wp-json\/wp\/v2\/pages\/4541\/revisions"}],"predecessor-version":[{"id":4581,"href":"https:\/\/deguardavidas.com\/en\/wp-json\/wp\/v2\/pages\/4541\/revisions\/4581"}],"wp:attachment":[{"href":"https:\/\/deguardavidas.com\/en\/wp-json\/wp\/v2\/media?parent=4541"}],"curies":[{"name":"wp","href":"https:\/\/api.w.org\/{rel}","templated":true}]}}