{"id":1584,"date":"2023-07-11T09:14:49","date_gmt":"2023-07-11T09:14:49","guid":{"rendered":"https:\/\/deguardavidas.com\/offerings\/"},"modified":"2025-01-19T17:51:48","modified_gmt":"2025-01-19T20:51:48","slug":"guias-guardavidas","status":"publish","type":"page","link":"https:\/\/deguardavidas.com\/en\/guias-guardavidas\/","title":{"rendered":"Professional Guide for Lifeguards"},"content":{"rendered":"<div class=\"wp-block-uagb-container uag-blocks-common-selector uagb-block-7024acc2 alignfull uagb-is-root-container\"><div class=\"uagb-container-inner-blocks-wrap\">\n<div class=\"wp-block-uagb-advanced-heading uagb-block-5f060e33\"><h2 class=\"uagb-heading-text\">Te brindamos el apoyo y la informaci\u00f3n que necesitas.<\/h2><\/div>\n<\/div><\/div>\n\n\n\n<div class=\"wp-block-uagb-container uagb-block-7449c9bf alignfull uagb-is-root-container\"><div class=\"uagb-container-inner-blocks-wrap\">\n<div class=\"wp-block-uagb-container uag-blocks-common-selector uagb-block-9691aa49\">\n<div class=\"wp-block-uagb-container uagb-block-6534afd1\">\n<div class=\"wp-block-uagb-advanced-heading uagb-block-eb515fbe\"><h6 class=\"uagb-heading-text\">01<\/h6><\/div>\n\n\n\n<div class=\"wp-block-uagb-advanced-heading uagb-block-c02c3d27\"><h3 class=\"uagb-heading-text\">Idiomas<\/h3><p class=\"uagb-desc-text\">\u00bfC\u00f3mo te sentir\u00edas si alguien entra a tu casa y no te saluda? Por respeto y profesionalismo, como guardavidas, es sumamente importante saber hablar el idioma del lugar donde vayamos a trabajar. <\/p><\/div>\n\n\n\n<div class=\"wp-block-uagb-buttons uagb-buttons__outer-wrap uagb-btn__default-btn uagb-btn-tablet__default-btn uagb-btn-mobile__default-btn uagb-block-e163697a\"><div class=\"uagb-buttons__wrap uagb-buttons-layout-wrap\">\n<div class=\"wp-block-uagb-buttons-child uagb-buttons__outer-wrap uagb-block-7721e671 wp-block-button\"><div class=\"uagb-button__wrapper\"><a class=\"uagb-buttons-repeater wp-block-button__link\" aria-label=\"\" href=\"\/en\/guia-portugues\/\" rel=\"follow noopener\" target=\"_self\" role=\"button\"><div class=\"uagb-button__link\">COMIENZA AHORA<\/div><span class=\"uagb-button__icon uagb-button__icon-position-after\"><svg xmlns=\"https:\/\/www.w3.org\/2000\/svg\" viewbox=\"0 0 448 512\" aria-hidden=\"true\" focussable=\"false\"><path d=\"M438.6 278.6l-160 160C272.4 444.9 264.2 448 256 448s-16.38-3.125-22.62-9.375c-12.5-12.5-12.5-32.75 0-45.25L338.8 288H32C14.33 288 .0016 273.7 .0016 256S14.33 224 32 224h306.8l-105.4-105.4c-12.5-12.5-12.5-32.75 0-45.25s32.75-12.5 45.25 0l160 160C451.1 245.9 451.1 266.1 438.6 278.6z\"><\/path><\/svg><\/span><\/a><\/div><\/div>\n<\/div><\/div>\n<\/div>\n\n\n\n<div class=\"wp-block-uagb-container uagb-block-db1ec64a\"><\/div>\n<\/div>\n\n\n\n<div class=\"wp-block-uagb-container uagb-block-947592b1 alignfull uagb-is-root-container\"><div class=\"uagb-container-inner-blocks-wrap\">\n<div class=\"wp-block-uagb-container uagb-block-5e41bb9d\"><\/div>\n\n\n\n<div class=\"wp-block-uagb-container uagb-block-9a73b9d6\">\n<div class=\"wp-block-uagb-advanced-heading uagb-block-59f3cfb7\"><h6 class=\"uagb-heading-text\">02<\/h6><\/div>\n\n\n\n<div class=\"wp-block-uagb-advanced-heading uagb-block-d3826476\"><h3 class=\"uagb-heading-text\">Entrenamientos<\/h3><p class=\"uagb-desc-text\">Siempre que viajemos al exterior, nos vamos a encontrar con diferentes pruebas o cursos para validar nuestra titulaci\u00f3n. Entrena con nosotros de manera presencial o a distancia.<\/p><\/div>\n\n\n\n<div class=\"wp-block-uagb-buttons uagb-buttons__outer-wrap uagb-btn__default-btn uagb-btn-tablet__default-btn uagb-btn-mobile__default-btn uagb-block-ff8c0acf\"><div class=\"uagb-buttons__wrap uagb-buttons-layout-wrap\">\n<div class=\"wp-block-uagb-buttons-child uagb-buttons__outer-wrap uagb-block-f39fbab7 wp-block-button\"><div class=\"uagb-button__wrapper\"><a class=\"uagb-buttons-repeater wp-block-button__link\" aria-label=\"\" href=\"\/en\/guia-entrenamiento\/\" rel=\"follow noopener\" target=\"_self\" role=\"button\"><div class=\"uagb-button__link\">comienza ahora<\/div><span class=\"uagb-button__icon uagb-button__icon-position-after\"><svg xmlns=\"https:\/\/www.w3.org\/2000\/svg\" viewbox=\"0 0 448 512\" aria-hidden=\"true\" focussable=\"false\"><path d=\"M438.6 278.6l-160 160C272.4 444.9 264.2 448 256 448s-16.38-3.125-22.62-9.375c-12.5-12.5-12.5-32.75 0-45.25L338.8 288H32C14.33 288 .0016 273.7 .0016 256S14.33 224 32 224h306.8l-105.4-105.4c-12.5-12.5-12.5-32.75 0-45.25s32.75-12.5 45.25 0l160 160C451.1 245.9 451.1 266.1 438.6 278.6z\"><\/path><\/svg><\/span><\/a><\/div><\/div>\n<\/div><\/div>\n<\/div>\n<\/div><\/div>\n\n\n\n<div class=\"wp-block-uagb-container uagb-block-706afc9c alignfull uagb-is-root-container\"><div class=\"uagb-container-inner-blocks-wrap\">\n<div class=\"wp-block-uagb-container uagb-block-f7b650f5\">\n<div class=\"wp-block-uagb-advanced-heading uagb-block-22687c4c\"><h6 class=\"uagb-heading-text\">03<\/h6><\/div>\n\n\n\n<div class=\"wp-block-uagb-advanced-heading uagb-block-f7554d8f\"><h3 class=\"uagb-heading-text\">Asesor\u00edas 1 a 1<\/h3><p class=\"uagb-desc-text\">La parte m\u00e1s dif\u00edcil en el viaje es saber de qu\u00e9 manera puedo trabajar. Nuestra experiencia en diferentes pa\u00edses puede ayudarte a solucionar esos dolores de cabeza que las VISAS o permisos de trabajo puedan ocasionarte<\/p><\/div>\n\n\n\n<div class=\"wp-block-uagb-buttons uagb-buttons__outer-wrap uagb-btn__default-btn uagb-btn-tablet__default-btn uagb-btn-mobile__default-btn uagb-block-fd80c0c2\"><div class=\"uagb-buttons__wrap uagb-buttons-layout-wrap\">\n<div class=\"wp-block-uagb-buttons-child uagb-buttons__outer-wrap uagb-block-e09c3f9c wp-block-button\"><div class=\"uagb-button__wrapper\"><a class=\"uagb-buttons-repeater wp-block-button__link\" aria-label=\"\" href=\"\/en\/asesoria-personalizada\/\" rel=\"follow noopener\" target=\"_self\" role=\"button\"><div class=\"uagb-button__link\">comienza ahora<\/div><span class=\"uagb-button__icon uagb-button__icon-position-after\"><svg xmlns=\"https:\/\/www.w3.org\/2000\/svg\" viewbox=\"0 0 448 512\" aria-hidden=\"true\" focussable=\"false\"><path d=\"M438.6 278.6l-160 160C272.4 444.9 264.2 448 256 448s-16.38-3.125-22.62-9.375c-12.5-12.5-12.5-32.75 0-45.25L338.8 288H32C14.33 288 .0016 273.7 .0016 256S14.33 224 32 224h306.8l-105.4-105.4c-12.5-12.5-12.5-32.75 0-45.25s32.75-12.5 45.25 0l160 160C451.1 245.9 451.1 266.1 438.6 278.6z\"><\/path><\/svg><\/span><\/a><\/div><\/div>\n<\/div><\/div>\n<\/div>\n\n\n\n<div class=\"wp-block-uagb-container uagb-block-482c24a8\"><\/div>\n<\/div><\/div>\n<\/div><\/div>\n\n\n\n<div class=\"wp-block-uagb-container uagb-block-94e5ad93 alignfull uagb-is-root-container\"><div class=\"uagb-container-inner-blocks-wrap\">\n<div class=\"wp-block-uagb-info-box uagb-block-01720b37 uagb-infobox__content-wrap  uagb-infobox-icon-above-title uagb-infobox-image-valign-top\"><div class=\"uagb-ifb-content\"><div class=\"uagb-ifb-icon-wrap\"><svg xmlns=\"https:\/\/www.w3.org\/2000\/svg\" viewbox=\"0 0 448 512\"><path d=\"M96 96C42.98 96 0 138.1 0 192s42.98 96 96 96c11.28 0 21.95-2.305 32-5.879V288c0 35.3-28.7 64-64 64c-17.67 0-32 14.33-32 32s14.33 32 32 32c70.58 0 128-57.42 128-128V192C192 138.1 149 96 96 96zM448 192c0-53.02-42.98-96-96-96s-96 42.98-96 96s42.98 96 96 96c11.28 0 21.95-2.305 32-5.879V288c0 35.3-28.7 64-64 64c-17.67 0-32 14.33-32 32s14.33 32 32 32c70.58 0 128-57.42 128-128V192z\"><\/path><\/svg><\/div><div class=\"uagb-ifb-title-wrap\"><h4 class=\"uagb-ifb-title\">Gracias a De Guardavidas logr\u00e9 conseguir mi primer trabajo en el extranjero. Su orientaci\u00f3n experta fue clave para mi \u00e9xito. Recomiendo totalmente sus servicios.<\/h4><\/div><\/div><\/div>\n\n\n\n<div class=\"wp-block-uagb-advanced-heading uagb-block-e689f21b\"><h6 class=\"uagb-heading-text\">Maria Lopez<\/h6><\/div>\n<\/div><\/div>","protected":false},"excerpt":{"rendered":"<p>Te brindamos el apoyo y la informaci\u00f3n que necesitas. 01 Idiomas \u00bfC\u00f3mo te sentir\u00edas si alguien entra a tu casa [&hellip;]<\/p>\n","protected":false},"author":1,"featured_media":2512,"parent":0,"menu_order":0,"comment_status":"closed","ping_status":"closed","template":"","meta":{"_acf_changed":false,"_uag_custom_page_level_css":"","site-sidebar-layout":"no-sidebar","site-content-layout":"page-builder","ast-site-content-layout":"full-width-container","site-content-style":"unboxed","site-sidebar-style":"unboxed","ast-global-header-display":"","ast-banner-title-visibility":"","ast-main-header-display":"","ast-hfb-above-header-display":"","ast-hfb-below-header-display":"","ast-hfb-mobile-header-display":"","site-post-title":"disabled","ast-breadcrumbs-content":"","ast-featured-img":"","footer-sml-layout":"","ast-disable-related-posts":"","theme-transparent-header-meta":"enabled","adv-header-id-meta":"","stick-header-meta":"","header-above-stick-meta":"","header-main-stick-meta":"","header-below-stick-meta":"","astra-migrate-meta-layouts":"set","ast-page-background-enabled":"default","ast-page-background-meta":{"desktop":{"background-color":"var(--ast-global-color-4)","background-image":"","background-repeat":"repeat","background-position":"center center","background-size":"auto","background-attachment":"scroll","background-type":"","background-media":"","overlay-type":"","overlay-color":"","overlay-opacity":"","overlay-gradient":""},"tablet":{"background-color":"","background-image":"","background-repeat":"repeat","background-position":"center center","background-size":"auto","background-attachment":"scroll","background-type":"","background-media":"","overlay-type":"","overlay-color":"","overlay-opacity":"","overlay-gradient":""},"mobile":{"background-color":"","background-image":"","background-repeat":"repeat","background-position":"center center","background-size":"auto","background-attachment":"scroll","background-type":"","background-media":"","overlay-type":"","overlay-color":"","overlay-opacity":"","overlay-gradient":""}},"ast-content-background-meta":{"desktop":{"background-color":"var(--ast-global-color-5)","background-image":"","background-repeat":"repeat","background-position":"center center","background-size":"auto","background-attachment":"scroll","background-type":"","background-media":"","overlay-type":"","overlay-color":"","overlay-opacity":"","overlay-gradient":""},"tablet":{"background-color":"var(--ast-global-color-5)","background-image":"","background-repeat":"repeat","background-position":"center center","background-size":"auto","background-attachment":"scroll","background-type":"","background-media":"","overlay-type":"","overlay-color":"","overlay-opacity":"","overlay-gradient":""},"mobile":{"background-color":"var(--ast-global-color-5)","background-image":"","background-repeat":"repeat","background-position":"center center","background-size":"auto","background-attachment":"scroll","background-type":"","background-media":"","overlay-type":"","overlay-color":"","overlay-opacity":"","overlay-gradient":""}},"footnotes":""},"class_list":["post-1584","page","type-page","status-publish","has-post-thumbnail","hentry"],"acf":[],"yoast_head":"<!-- This site is optimized with the Yoast SEO plugin v27.5 - https:\/\/yoast.com\/product\/yoast-seo-wordpress\/ -->\n<title>Gu\u00eda Profesional para Guardavidas | Mejora tus habilidades<\/title>\n<meta name=\"description\" content=\"Explora nuestras gu\u00edas completas dise\u00f1adas especialmente para guardavidas. Aprende t\u00e9cnicas, herramientas y estrategias para tu profesi\u00f3n.\" \/>\n<meta name=\"robots\" content=\"index, follow, max-snippet:-1, max-image-preview:large, max-video-preview:-1\" \/>\n<link rel=\"canonical\" href=\"https:\/\/deguardavidas.com\/en\/guias-guardavidas\/\" \/>\n<meta property=\"og:locale\" content=\"en_US\" \/>\n<meta property=\"og:type\" content=\"article\" \/>\n<meta property=\"og:title\" content=\"Gu\u00eda Profesional para Guardavidas | Mejora tus habilidades\" \/>\n<meta property=\"og:description\" content=\"Explora nuestras gu\u00edas completas dise\u00f1adas especialmente para guardavidas. Aprende t\u00e9cnicas, herramientas y estrategias para tu profesi\u00f3n.\" \/>\n<meta property=\"og:url\" content=\"https:\/\/deguardavidas.com\/en\/guias-guardavidas\/\" \/>\n<meta property=\"og:site_name\" content=\"De Guardavidas\" \/>\n<meta property=\"article:publisher\" content=\"https:\/\/www.facebook.com\/profile.php?id=100094279952604\" \/>\n<meta property=\"article:modified_time\" content=\"2025-01-19T20:51:48+00:00\" \/>\n<meta property=\"og:image\" content=\"http:\/\/deguardavidas.com\/wp-content\/uploads\/2023\/07\/brasil.jpg\" \/>\n\t<meta property=\"og:image:width\" content=\"1773\" \/>\n\t<meta property=\"og:image:height\" content=\"1772\" \/>\n\t<meta property=\"og:image:type\" content=\"image\/jpeg\" \/>\n<meta name=\"twitter:card\" content=\"summary_large_image\" \/>\n<meta name=\"twitter:label1\" content=\"Est. reading time\" \/>\n\t<meta name=\"twitter:data1\" content=\"1 minute\" \/>\n<script type=\"application\/ld+json\" class=\"yoast-schema-graph\">{\"@context\":\"https:\\\/\\\/schema.org\",\"@graph\":[{\"@type\":\"WebPage\",\"@id\":\"https:\\\/\\\/deguardavidas.com\\\/guias-guardavidas\\\/\",\"url\":\"https:\\\/\\\/deguardavidas.com\\\/guias-guardavidas\\\/\",\"name\":\"Gu\u00eda Profesional para Guardavidas | Mejora tus habilidades\",\"isPartOf\":{\"@id\":\"https:\\\/\\\/deguardavidas.com\\\/#website\"},\"primaryImageOfPage\":{\"@id\":\"https:\\\/\\\/deguardavidas.com\\\/guias-guardavidas\\\/#primaryimage\"},\"image\":{\"@id\":\"https:\\\/\\\/deguardavidas.com\\\/guias-guardavidas\\\/#primaryimage\"},\"thumbnailUrl\":\"https:\\\/\\\/deguardavidas.com\\\/wp-content\\\/uploads\\\/2023\\\/07\\\/brasil.jpg\",\"datePublished\":\"2023-07-11T09:14:49+00:00\",\"dateModified\":\"2025-01-19T20:51:48+00:00\",\"description\":\"Explora nuestras gu\u00edas completas dise\u00f1adas especialmente para guardavidas. Aprende t\u00e9cnicas, herramientas y estrategias para tu profesi\u00f3n.\",\"breadcrumb\":{\"@id\":\"https:\\\/\\\/deguardavidas.com\\\/guias-guardavidas\\\/#breadcrumb\"},\"inLanguage\":\"en-US\",\"potentialAction\":[{\"@type\":\"ReadAction\",\"target\":[\"https:\\\/\\\/deguardavidas.com\\\/guias-guardavidas\\\/\"]}]},{\"@type\":\"ImageObject\",\"inLanguage\":\"en-US\",\"@id\":\"https:\\\/\\\/deguardavidas.com\\\/guias-guardavidas\\\/#primaryimage\",\"url\":\"https:\\\/\\\/deguardavidas.com\\\/wp-content\\\/uploads\\\/2023\\\/07\\\/brasil.jpg\",\"contentUrl\":\"https:\\\/\\\/deguardavidas.com\\\/wp-content\\\/uploads\\\/2023\\\/07\\\/brasil.jpg\",\"width\":1773,\"height\":1772},{\"@type\":\"BreadcrumbList\",\"@id\":\"https:\\\/\\\/deguardavidas.com\\\/guias-guardavidas\\\/#breadcrumb\",\"itemListElement\":[{\"@type\":\"ListItem\",\"position\":1,\"name\":\"Inicio\",\"item\":\"https:\\\/\\\/deguardavidas.com\\\/\"},{\"@type\":\"ListItem\",\"position\":2,\"name\":\"Gu\u00eda Profesional para Guardavidas\"}]},{\"@type\":\"WebSite\",\"@id\":\"https:\\\/\\\/deguardavidas.com\\\/#website\",\"url\":\"https:\\\/\\\/deguardavidas.com\\\/\",\"name\":\"De Guardavidas\",\"description\":\"De Guardavidas Para Guardavidas\",\"publisher\":{\"@id\":\"https:\\\/\\\/deguardavidas.com\\\/#organization\"},\"alternateName\":\"De Guardavidas\",\"potentialAction\":[{\"@type\":\"SearchAction\",\"target\":{\"@type\":\"EntryPoint\",\"urlTemplate\":\"https:\\\/\\\/deguardavidas.com\\\/?s={search_term_string}\"},\"query-input\":{\"@type\":\"PropertyValueSpecification\",\"valueRequired\":true,\"valueName\":\"search_term_string\"}}],\"inLanguage\":\"en-US\"},{\"@type\":\"Organization\",\"@id\":\"https:\\\/\\\/deguardavidas.com\\\/#organization\",\"name\":\"De Guardavidas\",\"alternateName\":\"De Guardavidas\",\"url\":\"https:\\\/\\\/deguardavidas.com\\\/\",\"logo\":{\"@type\":\"ImageObject\",\"inLanguage\":\"en-US\",\"@id\":\"https:\\\/\\\/deguardavidas.com\\\/#\\\/schema\\\/logo\\\/image\\\/\",\"url\":\"https:\\\/\\\/deguardavidas.com\\\/wp-content\\\/uploads\\\/2024\\\/02\\\/cropped-aplicaciones-25.png\",\"contentUrl\":\"https:\\\/\\\/deguardavidas.com\\\/wp-content\\\/uploads\\\/2024\\\/02\\\/cropped-aplicaciones-25.png\",\"width\":1161,\"height\":1078,\"caption\":\"De Guardavidas\"},\"image\":{\"@id\":\"https:\\\/\\\/deguardavidas.com\\\/#\\\/schema\\\/logo\\\/image\\\/\"},\"sameAs\":[\"https:\\\/\\\/www.facebook.com\\\/profile.php?id=100094279952604\",\"https:\\\/\\\/www.instagram.com\\\/deguardavidas\\\/\",\"https:\\\/\\\/www.youtube.com\\\/@DeGuardavidas\"]}]}<\/script>\n<!-- \/ Yoast SEO plugin. -->","yoast_head_json":{"title":"Gu\u00eda Profesional para Guardavidas | Mejora tus habilidades","description":"Explora nuestras gu\u00edas completas dise\u00f1adas especialmente para guardavidas. Aprende t\u00e9cnicas, herramientas y estrategias para tu profesi\u00f3n.","robots":{"index":"index","follow":"follow","max-snippet":"max-snippet:-1","max-image-preview":"max-image-preview:large","max-video-preview":"max-video-preview:-1"},"canonical":"https:\/\/deguardavidas.com\/en\/guias-guardavidas\/","og_locale":"en_US","og_type":"article","og_title":"Gu\u00eda Profesional para Guardavidas | Mejora tus habilidades","og_description":"Explora nuestras gu\u00edas completas dise\u00f1adas especialmente para guardavidas. Aprende t\u00e9cnicas, herramientas y estrategias para tu profesi\u00f3n.","og_url":"https:\/\/deguardavidas.com\/en\/guias-guardavidas\/","og_site_name":"De Guardavidas","article_publisher":"https:\/\/www.facebook.com\/profile.php?id=100094279952604","article_modified_time":"2025-01-19T20:51:48+00:00","og_image":[{"width":1773,"height":1772,"url":"http:\/\/deguardavidas.com\/wp-content\/uploads\/2023\/07\/brasil.jpg","type":"image\/jpeg"}],"twitter_card":"summary_large_image","twitter_misc":{"Est. reading time":"1 minute"},"schema":{"@context":"https:\/\/schema.org","@graph":[{"@type":"WebPage","@id":"https:\/\/deguardavidas.com\/guias-guardavidas\/","url":"https:\/\/deguardavidas.com\/guias-guardavidas\/","name":"Gu\u00eda Profesional para Guardavidas | Mejora tus habilidades","isPartOf":{"@id":"https:\/\/deguardavidas.com\/#website"},"primaryImageOfPage":{"@id":"https:\/\/deguardavidas.com\/guias-guardavidas\/#primaryimage"},"image":{"@id":"https:\/\/deguardavidas.com\/guias-guardavidas\/#primaryimage"},"thumbnailUrl":"https:\/\/deguardavidas.com\/wp-content\/uploads\/2023\/07\/brasil.jpg","datePublished":"2023-07-11T09:14:49+00:00","dateModified":"2025-01-19T20:51:48+00:00","description":"Explora nuestras gu\u00edas completas dise\u00f1adas especialmente para guardavidas. Aprende t\u00e9cnicas, herramientas y estrategias para tu profesi\u00f3n.","breadcrumb":{"@id":"https:\/\/deguardavidas.com\/guias-guardavidas\/#breadcrumb"},"inLanguage":"en-US","potentialAction":[{"@type":"ReadAction","target":["https:\/\/deguardavidas.com\/guias-guardavidas\/"]}]},{"@type":"ImageObject","inLanguage":"en-US","@id":"https:\/\/deguardavidas.com\/guias-guardavidas\/#primaryimage","url":"https:\/\/deguardavidas.com\/wp-content\/uploads\/2023\/07\/brasil.jpg","contentUrl":"https:\/\/deguardavidas.com\/wp-content\/uploads\/2023\/07\/brasil.jpg","width":1773,"height":1772},{"@type":"BreadcrumbList","@id":"https:\/\/deguardavidas.com\/guias-guardavidas\/#breadcrumb","itemListElement":[{"@type":"ListItem","position":1,"name":"Inicio","item":"https:\/\/deguardavidas.com\/"},{"@type":"ListItem","position":2,"name":"Gu\u00eda Profesional para Guardavidas"}]},{"@type":"WebSite","@id":"https:\/\/deguardavidas.com\/#website","url":"https:\/\/deguardavidas.com\/","name":"Lifeguard","description":"De Guardavidas Para Guardavidas","publisher":{"@id":"https:\/\/deguardavidas.com\/#organization"},"alternateName":"De Guardavidas","potentialAction":[{"@type":"SearchAction","target":{"@type":"EntryPoint","urlTemplate":"https:\/\/deguardavidas.com\/?s={search_term_string}"},"query-input":{"@type":"PropertyValueSpecification","valueRequired":true,"valueName":"search_term_string"}}],"inLanguage":"en-US"},{"@type":"Organization","@id":"https:\/\/deguardavidas.com\/#organization","name":"Lifeguard","alternateName":"De Guardavidas","url":"https:\/\/deguardavidas.com\/","logo":{"@type":"ImageObject","inLanguage":"en-US","@id":"https:\/\/deguardavidas.com\/#\/schema\/logo\/image\/","url":"https:\/\/deguardavidas.com\/wp-content\/uploads\/2024\/02\/cropped-aplicaciones-25.png","contentUrl":"https:\/\/deguardavidas.com\/wp-content\/uploads\/2024\/02\/cropped-aplicaciones-25.png","width":1161,"height":1078,"caption":"De Guardavidas"},"image":{"@id":"https:\/\/deguardavidas.com\/#\/schema\/logo\/image\/"},"sameAs":["https:\/\/www.facebook.com\/profile.php?id=100094279952604","https:\/\/www.instagram.com\/deguardavidas\/","https:\/\/www.youtube.com\/@DeGuardavidas"]}]}},"uagb_featured_image_src":{"full":["https:\/\/deguardavidas.com\/wp-content\/uploads\/2023\/07\/brasil.jpg",1773,1772,false],"thumbnail":["https:\/\/deguardavidas.com\/wp-content\/uploads\/2023\/07\/brasil-150x150.jpg",150,150,true],"medium":["https:\/\/deguardavidas.com\/wp-content\/uploads\/2023\/07\/brasil-300x300.jpg",300,300,true],"medium_large":["https:\/\/deguardavidas.com\/wp-content\/uploads\/2023\/07\/brasil-768x768.jpg",768,768,true],"large":["https:\/\/deguardavidas.com\/wp-content\/uploads\/2023\/07\/brasil-1024x1024.jpg",1024,1024,true],"1536x1536":["https:\/\/deguardavidas.com\/wp-content\/uploads\/2023\/07\/brasil-1536x1536.jpg",1536,1536,true],"2048x2048":["https:\/\/deguardavidas.com\/wp-content\/uploads\/2023\/07\/brasil.jpg",1773,1772,false],"trp-custom-language-flag":["https:\/\/deguardavidas.com\/wp-content\/uploads\/2023\/07\/brasil.jpg",12,12,false],"woocommerce_thumbnail":["https:\/\/deguardavidas.com\/wp-content\/uploads\/2023\/07\/brasil-300x300.jpg",300,300,true],"woocommerce_single":["https:\/\/deguardavidas.com\/wp-content\/uploads\/2023\/07\/brasil-600x600.jpg",600,600,true],"woocommerce_gallery_thumbnail":["https:\/\/deguardavidas.com\/wp-content\/uploads\/2023\/07\/brasil-100x100.jpg",100,100,true]},"uagb_author_info":{"display_name":"deguardavidas.com","author_link":"https:\/\/deguardavidas.com\/en\/author\/deguardavidas-katastudio-shop\/"},"uagb_comment_info":0,"uagb_excerpt":"Te brindamos el apoyo y la informaci\u00f3n que necesitas. 01 Idiomas \u00bfC\u00f3mo te sentir\u00edas si alguien entra a tu casa [&hellip;]","_links":{"self":[{"href":"https:\/\/deguardavidas.com\/en\/wp-json\/wp\/v2\/pages\/1584","targetHints":{"allow":["GET"]}}],"collection":[{"href":"https:\/\/deguardavidas.com\/en\/wp-json\/wp\/v2\/pages"}],"about":[{"href":"https:\/\/deguardavidas.com\/en\/wp-json\/wp\/v2\/types\/page"}],"author":[{"embeddable":true,"href":"https:\/\/deguardavidas.com\/en\/wp-json\/wp\/v2\/users\/1"}],"replies":[{"embeddable":true,"href":"https:\/\/deguardavidas.com\/en\/wp-json\/wp\/v2\/comments?post=1584"}],"version-history":[{"count":39,"href":"https:\/\/deguardavidas.com\/en\/wp-json\/wp\/v2\/pages\/1584\/revisions"}],"predecessor-version":[{"id":2882,"href":"https:\/\/deguardavidas.com\/en\/wp-json\/wp\/v2\/pages\/1584\/revisions\/2882"}],"wp:featuredmedia":[{"embeddable":true,"href":"https:\/\/deguardavidas.com\/en\/wp-json\/wp\/v2\/media\/2512"}],"wp:attachment":[{"href":"https:\/\/deguardavidas.com\/en\/wp-json\/wp\/v2\/media?parent=1584"}],"curies":[{"name":"wp","href":"https:\/\/api.w.org\/{rel}","templated":true}]}}