{"id":1583,"date":"2023-07-11T09:14:49","date_gmt":"2023-07-11T09:14:49","guid":{"rendered":"https:\/\/deguardavidas.com\/about\/"},"modified":"2026-02-20T10:35:17","modified_gmt":"2026-02-20T13:35:17","slug":"quienes-somos","status":"publish","type":"page","link":"https:\/\/deguardavidas.com\/en\/quienes-somos\/","title":{"rendered":"We"},"content":{"rendered":"<div class=\"wp-block-uagb-container uagb-block-c53a128d alignfull uagb-is-root-container\"><div class=\"uagb-container-inner-blocks-wrap\">\n<div class=\"wp-block-uagb-advanced-heading uagb-block-07ad1730\"><h2 class=\"uagb-heading-text\">Descubr\u00ed De Guardavidas<\/h2><\/div>\n<\/div><\/div>\n\n\n\n<div class=\"wp-block-uagb-container uagb-block-ceb3470e alignfull uagb-is-root-container\"><div class=\"uagb-container-inner-blocks-wrap\">\n<div class=\"wp-block-uagb-container uagb-block-6f6de066\">\n<div class=\"wp-block-uagb-container uagb-block-365025ce\">\n<div class=\"wp-block-uagb-advanced-heading uagb-block-dca15114\"><p class=\"uagb-heading-text\">NUESTRA HISTORIA<\/p><\/div>\n\n\n\n<div class=\"wp-block-uagb-advanced-heading uagb-block-5918da1b\"><h3 class=\"uagb-heading-text\">Sobre De Guardavidas<\/h3><\/div>\n\n\n\n<p class=\"has-ast-global-color-2-color has-text-color has-link-color wp-elements-7cb79e0d3a5e3782c9943b3b1cced7cc\">Este proyecto nace de la experiencia de Sebastian Silva e Ignacio Picardi, dos guardavidas argentinos que so\u00f1aban con tener la posibilidad y la oportunidad de poder viajar y trabajar como guardavidas en diferentes partes del mundo, sin tanto conocimiento ni herramientas adecuadas como pasaportes de diferentes nacionalidades o grandes sumas de dinero en la caja de ahorros. Nuestro camino fue de mucho aprendizaje, debido a que en nuestra \u00e9poca no exist\u00edan tantas herramientas como las redes sociales que encontramos en la actualidad, ni mucha informaci\u00f3n expl\u00edcita de como llegar a lugares que ni siquiera conoc\u00edamos en el mapa.<br><br>Formados en Educaci\u00f3n F\u00edsica, Turismo y Hosteler\u00eda, y Marketing Digital, en el 2022 comenz\u00f3 la idea de trabajar juntos en un proyecto de comunicaci\u00f3n, educaci\u00f3n y asesoramiento personalizado para todas las personas que tuvieran el mismo sue\u00f1o que nosotros y lo puedan lograr de una manera mucho m\u00e1s sencilla de lo que realmente es.<br><\/p>\n\n\n\n<p class=\"has-ast-global-color-2-color has-text-color has-link-color wp-elements-68e671612c1ba77007090041ccf2c89d\">Parte de nuestra motivaci\u00f3n y nuestros objetivos dentro de este proyecto es llegar a las y los guardavidas que deseen viajar y vivir las mejores experiencias dentro de esta hermosa profesi\u00f3n en la mayor cantidad de rincones del mundo que tengan un espejo de agua y tengan que disponer con un o una guardavidas. De esta manera, ayudando a las personas a conseguir sus objetivos, nosotros intentaremos seguir viajando y descubriendo la mayor cantidad de experiencias enriquecedoras que esta profesi\u00f3n tiene para darnos, aunque a veces, tengamos que superar pruebas muy dif\u00edciles que s\u00f3lo un guardavidas es capaz de superar.<br><br>Esperamos poder cumplir con nuestros prop\u00f3sitos y que parte de los mismos, sean iguales que los suyos.<\/p>\n<\/div>\n\n\n\n<div class=\"wp-block-uagb-container uagb-block-88b3d618\">\n<div class=\"wp-block-group is-vertical is-layout-flex wp-container-core-group-is-layout-7a804be6 wp-block-group-is-layout-flex\" style=\"margin-top:var(--wp--preset--spacing--30);margin-bottom:var(--wp--preset--spacing--30);padding-top:0;padding-right:0;padding-bottom:var(--wp--preset--spacing--60);padding-left:0\">\n<figure class=\"wp-block-image size-full is-resized has-custom-border is-style-default\"><img fetchpriority=\"high\" decoding=\"async\" width=\"852\" height=\"582\" src=\"https:\/\/deguardavidas.com\/wp-content\/uploads\/2024\/07\/nacho.jpg\" alt=\"profile-ignacio-formaci\u00f3n guardavidas\" class=\"has-border-color wp-image-2064\" style=\"border-color:#abb8c3;border-width:1px;border-radius:0px;aspect-ratio:4\/3;object-fit:cover;width:442px;height:auto\" srcset=\"https:\/\/deguardavidas.com\/wp-content\/uploads\/2024\/07\/nacho.jpg 852w, https:\/\/deguardavidas.com\/wp-content\/uploads\/2024\/07\/nacho-600x410.jpg 600w, https:\/\/deguardavidas.com\/wp-content\/uploads\/2024\/07\/nacho-300x205.jpg 300w, https:\/\/deguardavidas.com\/wp-content\/uploads\/2024\/07\/nacho-768x525.jpg 768w\" sizes=\"(max-width: 852px) 100vw, 852px\" \/><\/figure>\n<\/div>\n\n\n\n<figure class=\"wp-block-image size-large is-resized has-custom-border wp-duotone-unset-1\"><img decoding=\"async\" width=\"1024\" height=\"683\" src=\"https:\/\/deguardavidas.com\/wp-content\/uploads\/2024\/07\/seba-1024x683.jpg\" alt=\"profile-sebastian-formaci\u00f3n guardavidas\" class=\"has-border-color wp-image-2066\" style=\"border-color:#abb8c3;border-width:1px;border-radius:0px;aspect-ratio:4\/3;object-fit:cover;width:442px\" srcset=\"https:\/\/deguardavidas.com\/wp-content\/uploads\/2024\/07\/seba-1024x683.jpg 1024w, https:\/\/deguardavidas.com\/wp-content\/uploads\/2024\/07\/seba-600x400.jpg 600w, https:\/\/deguardavidas.com\/wp-content\/uploads\/2024\/07\/seba-300x200.jpg 300w, https:\/\/deguardavidas.com\/wp-content\/uploads\/2024\/07\/seba-768x512.jpg 768w, https:\/\/deguardavidas.com\/wp-content\/uploads\/2024\/07\/seba-1536x1024.jpg 1536w, https:\/\/deguardavidas.com\/wp-content\/uploads\/2024\/07\/seba-2048x1366.jpg 2048w\" sizes=\"(max-width: 1024px) 100vw, 1024px\" \/><\/figure>\n<\/div>\n<\/div>\n<\/div><\/div>\n\n\n\n<div class=\"wp-block-uagb-container uagb-block-e40412f9 alignfull uagb-is-root-container\"><div class=\"uagb-container-inner-blocks-wrap\">\n<div class=\"wp-block-uagb-advanced-heading uagb-block-c6b11d32\"><p class=\"uagb-heading-text\">NUESTRO ENFOQUE<\/p><\/div>\n\n\n\n<div class=\"wp-block-uagb-advanced-heading uagb-block-4bef74f1\"><h3 class=\"uagb-heading-text\">Nuestro enfoque comprobado para el \u00e9xito de los guardavidas<\/h3><div class=\"uagb-separator\"><\/div><\/div>\n\n\n\n<div class=\"wp-block-columns is-layout-flex wp-container-core-columns-is-layout-28f84493 wp-block-columns-is-layout-flex\">\n<div class=\"wp-block-column is-layout-flow wp-block-column-is-layout-flow\">\n<div class=\"wp-block-uagb-advanced-heading uagb-block-20ccb448\"><h4 class=\"uagb-heading-text\">Orientaci\u00f3n personalizada<\/h4><\/div>\n\n\n\n<p>Parte de nuestra motivaci\u00f3n y objetivos en este proyecto es llegar a los y las guardavidas que deseen viajar y vivir las mejores experiencias dentro de esta hermosa profesi\u00f3n, en la mayor cantidad de rincones del mundo que cuenten con un espejo de agua y requieran la presencia de un guardavidas.<\/p>\n<\/div>\n\n\n\n<div class=\"wp-block-column is-layout-flow wp-block-column-is-layout-flow\">\n<div class=\"wp-block-uagb-advanced-heading uagb-block-f0ce64f6\"><h4 class=\"uagb-heading-text\">Amplios recursos<\/h4><\/div>\n\n\n\n<p>Nuestra plataforma ofrece una amplia gama de herramientas y productos informativos, dise\u00f1ados espec\u00edficamente para mejorar las habilidades y conocimientos de los guardavidas en todo el mundo. Adem\u00e1s, brindamos acceso a recursos actualizados y a una comunidad global de profesionales, fomentando el intercambio de experiencias y mejores pr\u00e1cticas.<\/p>\n<\/div>\n<\/div>\n<\/div><\/div>\n\n\n\n<div class=\"wp-block-uagb-advanced-heading uagb-block-d069459e\"><h3 class=\"uagb-heading-text\"><strong>Nuestros Valores<\/strong><\/h3><div class=\"uagb-separator\"><\/div><\/div>\n\n\n\n<p class=\"has-text-align-center has-black-color has-text-color has-link-color has-medium-font-size wp-elements-488dc8dd38b1046440bdb4f28b29cd6b\">Los valores fundamentales que gu\u00edan nuestro trabajo y nuestra relaci\u00f3n con la comunidad de guardavidas.<\/p>\n\n\n\n<div class=\"wp-block-uagb-container uagb-block-c3af3ff8 alignfull uagb-is-root-container\"><div class=\"uagb-container-inner-blocks-wrap\">\n<div class=\"wp-block-columns is-layout-flex wp-container-core-columns-is-layout-28f84493 wp-block-columns-is-layout-flex\">\n<div class=\"wp-block-column is-layout-flow wp-block-column-is-layout-flow\">\n<div class=\"wp-block-uagb-advanced-heading uagb-block-22626a1c\"><h4 class=\"uagb-heading-text\">Transparencia<\/h4><\/div>\n\n\n\n<p class=\"has-text-align-center\">Como el agua, nuestra informaci\u00f3n es 100% transparente, confiable y segura.<\/p>\n<\/div>\n\n\n\n<div class=\"wp-block-column is-layout-flow wp-block-column-is-layout-flow\">\n<div class=\"wp-block-uagb-advanced-heading uagb-block-0cbb6603\"><h4 class=\"uagb-heading-text\">Profesionalismo<\/h4><\/div>\n\n\n\n<p class=\"has-text-align-center\">Los 365 d\u00edas del a\u00f1o, nuestra profesi\u00f3n nos exige ser profesionales todos los d\u00edas. Nosotros nos exigimos mucho m\u00e1s.<\/p>\n<\/div>\n\n\n\n<div class=\"wp-block-column is-layout-flow wp-block-column-is-layout-flow\">\n<div class=\"wp-block-uagb-advanced-heading uagb-block-2bec81b6\"><h4 class=\"uagb-heading-text\">Comunidad<\/h4><\/div>\n\n\n\n<p class=\"has-text-align-center\">Seas del pa\u00eds que seas, nuestro pasaporte es el salvamento. A donde vayamos, queremos que vayas.<\/p>\n<\/div>\n<\/div>\n\n\n\n<div class=\"wp-block-columns is-layout-flex wp-container-core-columns-is-layout-28f84493 wp-block-columns-is-layout-flex\">\n<div class=\"wp-block-column is-layout-flow wp-block-column-is-layout-flow\" style=\"padding-top:0;padding-bottom:0\">\n<div class=\"wp-block-uagb-advanced-heading uagb-block-cd682d5f\"><h4 class=\"uagb-heading-text\">Pasi\u00f3n<\/h4><\/div>\n\n\n\n<p class=\"has-text-align-center\">Con la ilusi\u00f3n como bandera, nuestra pasi\u00f3n por el mar, los rescates y los viajes nos llevan hacia lugares que jam\u00e1s pensamos llegar.<\/p>\n<\/div>\n\n\n\n<div class=\"wp-block-column is-layout-flow wp-block-column-is-layout-flow\">\n<div class=\"wp-block-uagb-advanced-heading uagb-block-fdbd4c69\"><h4 class=\"uagb-heading-text\">Precisi\u00f3n<\/h4><\/div>\n\n\n\n<p class=\"has-text-align-center\">&nbsp;A la hora de informar, transmitir y compartir c\u00f3mo se desarrolla nuestra profesi\u00f3n en otros pa\u00edses, somos precisos.<\/p>\n<\/div>\n<\/div>\n<\/div><\/div>","protected":false},"excerpt":{"rendered":"<p>Descubr\u00ed De Guardavidas NUESTRA HISTORIA Sobre De Guardavidas Este proyecto nace de la experiencia de Sebastian Silva e Ignacio Picardi, [&hellip;]<\/p>\n","protected":false},"author":1,"featured_media":2512,"parent":0,"menu_order":0,"comment_status":"closed","ping_status":"closed","template":"","meta":{"_acf_changed":false,"_uag_custom_page_level_css":"","site-sidebar-layout":"no-sidebar","site-content-layout":"page-builder","ast-site-content-layout":"full-width-container","site-content-style":"unboxed","site-sidebar-style":"unboxed","ast-global-header-display":"","ast-banner-title-visibility":"","ast-main-header-display":"","ast-hfb-above-header-display":"","ast-hfb-below-header-display":"","ast-hfb-mobile-header-display":"","site-post-title":"disabled","ast-breadcrumbs-content":"","ast-featured-img":"","footer-sml-layout":"","ast-disable-related-posts":"","theme-transparent-header-meta":"enabled","adv-header-id-meta":"","stick-header-meta":"","header-above-stick-meta":"","header-main-stick-meta":"","header-below-stick-meta":"","astra-migrate-meta-layouts":"set","ast-page-background-enabled":"default","ast-page-background-meta":{"desktop":{"background-color":"var(--ast-global-color-4)","background-image":"","background-repeat":"repeat","background-position":"center center","background-size":"auto","background-attachment":"scroll","background-type":"","background-media":"","overlay-type":"","overlay-color":"","overlay-opacity":"","overlay-gradient":""},"tablet":{"background-color":"","background-image":"","background-repeat":"repeat","background-position":"center center","background-size":"auto","background-attachment":"scroll","background-type":"","background-media":"","overlay-type":"","overlay-color":"","overlay-opacity":"","overlay-gradient":""},"mobile":{"background-color":"","background-image":"","background-repeat":"repeat","background-position":"center center","background-size":"auto","background-attachment":"scroll","background-type":"","background-media":"","overlay-type":"","overlay-color":"","overlay-opacity":"","overlay-gradient":""}},"ast-content-background-meta":{"desktop":{"background-color":"var(--ast-global-color-5)","background-image":"","background-repeat":"repeat","background-position":"center center","background-size":"auto","background-attachment":"scroll","background-type":"","background-media":"","overlay-type":"","overlay-color":"","overlay-opacity":"","overlay-gradient":""},"tablet":{"background-color":"var(--ast-global-color-5)","background-image":"","background-repeat":"repeat","background-position":"center center","background-size":"auto","background-attachment":"scroll","background-type":"","background-media":"","overlay-type":"","overlay-color":"","overlay-opacity":"","overlay-gradient":""},"mobile":{"background-color":"var(--ast-global-color-5)","background-image":"","background-repeat":"repeat","background-position":"center center","background-size":"auto","background-attachment":"scroll","background-type":"","background-media":"","overlay-type":"","overlay-color":"","overlay-opacity":"","overlay-gradient":""}},"footnotes":""},"class_list":["post-1583","page","type-page","status-publish","has-post-thumbnail","hentry"],"acf":[],"yoast_head":"<!-- This site is optimized with the Yoast SEO plugin v27.5 - https:\/\/yoast.com\/product\/yoast-seo-wordpress\/ -->\n<title>Nosotros | Formaci\u00f3n y Experiencia para Guardavidas<\/title>\n<meta name=\"description\" content=\"Conoce la historia y misi\u00f3n de deGuardavidas. Ofrecemos formaci\u00f3n y asesor\u00eda para guardavidas que desean viajar y trabajar a nivel mundial.\" \/>\n<meta name=\"robots\" content=\"index, follow, max-snippet:-1, max-image-preview:large, max-video-preview:-1\" \/>\n<link rel=\"canonical\" href=\"https:\/\/deguardavidas.com\/en\/quienes-somos\/\" \/>\n<meta property=\"og:locale\" content=\"en_US\" \/>\n<meta property=\"og:type\" content=\"article\" \/>\n<meta property=\"og:title\" content=\"Nosotros | Formaci\u00f3n y Experiencia para Guardavidas\" \/>\n<meta property=\"og:description\" content=\"Conoce la historia y misi\u00f3n de deGuardavidas. Ofrecemos formaci\u00f3n y asesor\u00eda para guardavidas que desean viajar y trabajar a nivel mundial.\" \/>\n<meta property=\"og:url\" content=\"https:\/\/deguardavidas.com\/en\/quienes-somos\/\" \/>\n<meta property=\"og:site_name\" content=\"De Guardavidas\" \/>\n<meta property=\"article:publisher\" content=\"https:\/\/www.facebook.com\/profile.php?id=100094279952604\" \/>\n<meta property=\"article:modified_time\" content=\"2026-02-20T13:35:17+00:00\" \/>\n<meta property=\"og:image\" content=\"http:\/\/deguardavidas.com\/wp-content\/uploads\/2023\/07\/brasil.jpg\" \/>\n\t<meta property=\"og:image:width\" content=\"1773\" \/>\n\t<meta property=\"og:image:height\" content=\"1772\" \/>\n\t<meta property=\"og:image:type\" content=\"image\/jpeg\" \/>\n<meta name=\"twitter:card\" content=\"summary_large_image\" \/>\n<meta name=\"twitter:label1\" content=\"Est. reading time\" \/>\n\t<meta name=\"twitter:data1\" content=\"3 minutes\" \/>\n<script type=\"application\/ld+json\" class=\"yoast-schema-graph\">{\"@context\":\"https:\\\/\\\/schema.org\",\"@graph\":[{\"@type\":\"WebPage\",\"@id\":\"https:\\\/\\\/deguardavidas.com\\\/quienes-somos\\\/\",\"url\":\"https:\\\/\\\/deguardavidas.com\\\/quienes-somos\\\/\",\"name\":\"Nosotros | Formaci\u00f3n y Experiencia para Guardavidas\",\"isPartOf\":{\"@id\":\"https:\\\/\\\/deguardavidas.com\\\/#website\"},\"primaryImageOfPage\":{\"@id\":\"https:\\\/\\\/deguardavidas.com\\\/quienes-somos\\\/#primaryimage\"},\"image\":{\"@id\":\"https:\\\/\\\/deguardavidas.com\\\/quienes-somos\\\/#primaryimage\"},\"thumbnailUrl\":\"https:\\\/\\\/deguardavidas.com\\\/wp-content\\\/uploads\\\/2023\\\/07\\\/brasil.jpg\",\"datePublished\":\"2023-07-11T09:14:49+00:00\",\"dateModified\":\"2026-02-20T13:35:17+00:00\",\"description\":\"Conoce la historia y misi\u00f3n de deGuardavidas. Ofrecemos formaci\u00f3n y asesor\u00eda para guardavidas que desean viajar y trabajar a nivel mundial.\",\"breadcrumb\":{\"@id\":\"https:\\\/\\\/deguardavidas.com\\\/quienes-somos\\\/#breadcrumb\"},\"inLanguage\":\"en-US\",\"potentialAction\":[{\"@type\":\"ReadAction\",\"target\":[\"https:\\\/\\\/deguardavidas.com\\\/quienes-somos\\\/\"]}]},{\"@type\":\"ImageObject\",\"inLanguage\":\"en-US\",\"@id\":\"https:\\\/\\\/deguardavidas.com\\\/quienes-somos\\\/#primaryimage\",\"url\":\"https:\\\/\\\/deguardavidas.com\\\/wp-content\\\/uploads\\\/2023\\\/07\\\/brasil.jpg\",\"contentUrl\":\"https:\\\/\\\/deguardavidas.com\\\/wp-content\\\/uploads\\\/2023\\\/07\\\/brasil.jpg\",\"width\":1773,\"height\":1772},{\"@type\":\"BreadcrumbList\",\"@id\":\"https:\\\/\\\/deguardavidas.com\\\/quienes-somos\\\/#breadcrumb\",\"itemListElement\":[{\"@type\":\"ListItem\",\"position\":1,\"name\":\"Inicio\",\"item\":\"https:\\\/\\\/deguardavidas.com\\\/\"},{\"@type\":\"ListItem\",\"position\":2,\"name\":\"Nosotros\"}]},{\"@type\":\"WebSite\",\"@id\":\"https:\\\/\\\/deguardavidas.com\\\/#website\",\"url\":\"https:\\\/\\\/deguardavidas.com\\\/\",\"name\":\"De Guardavidas\",\"description\":\"De Guardavidas Para Guardavidas\",\"publisher\":{\"@id\":\"https:\\\/\\\/deguardavidas.com\\\/#organization\"},\"alternateName\":\"De Guardavidas\",\"potentialAction\":[{\"@type\":\"SearchAction\",\"target\":{\"@type\":\"EntryPoint\",\"urlTemplate\":\"https:\\\/\\\/deguardavidas.com\\\/?s={search_term_string}\"},\"query-input\":{\"@type\":\"PropertyValueSpecification\",\"valueRequired\":true,\"valueName\":\"search_term_string\"}}],\"inLanguage\":\"en-US\"},{\"@type\":\"Organization\",\"@id\":\"https:\\\/\\\/deguardavidas.com\\\/#organization\",\"name\":\"De Guardavidas\",\"alternateName\":\"De Guardavidas\",\"url\":\"https:\\\/\\\/deguardavidas.com\\\/\",\"logo\":{\"@type\":\"ImageObject\",\"inLanguage\":\"en-US\",\"@id\":\"https:\\\/\\\/deguardavidas.com\\\/#\\\/schema\\\/logo\\\/image\\\/\",\"url\":\"https:\\\/\\\/deguardavidas.com\\\/wp-content\\\/uploads\\\/2024\\\/02\\\/cropped-aplicaciones-25.png\",\"contentUrl\":\"https:\\\/\\\/deguardavidas.com\\\/wp-content\\\/uploads\\\/2024\\\/02\\\/cropped-aplicaciones-25.png\",\"width\":1161,\"height\":1078,\"caption\":\"De Guardavidas\"},\"image\":{\"@id\":\"https:\\\/\\\/deguardavidas.com\\\/#\\\/schema\\\/logo\\\/image\\\/\"},\"sameAs\":[\"https:\\\/\\\/www.facebook.com\\\/profile.php?id=100094279952604\",\"https:\\\/\\\/www.instagram.com\\\/deguardavidas\\\/\",\"https:\\\/\\\/www.youtube.com\\\/@DeGuardavidas\"]}]}<\/script>\n<!-- \/ Yoast SEO plugin. -->","yoast_head_json":{"title":"Nosotros | Formaci\u00f3n y Experiencia para Guardavidas","description":"Conoce la historia y misi\u00f3n de deGuardavidas. Ofrecemos formaci\u00f3n y asesor\u00eda para guardavidas que desean viajar y trabajar a nivel mundial.","robots":{"index":"index","follow":"follow","max-snippet":"max-snippet:-1","max-image-preview":"max-image-preview:large","max-video-preview":"max-video-preview:-1"},"canonical":"https:\/\/deguardavidas.com\/en\/quienes-somos\/","og_locale":"en_US","og_type":"article","og_title":"Nosotros | Formaci\u00f3n y Experiencia para Guardavidas","og_description":"Conoce la historia y misi\u00f3n de deGuardavidas. Ofrecemos formaci\u00f3n y asesor\u00eda para guardavidas que desean viajar y trabajar a nivel mundial.","og_url":"https:\/\/deguardavidas.com\/en\/quienes-somos\/","og_site_name":"De Guardavidas","article_publisher":"https:\/\/www.facebook.com\/profile.php?id=100094279952604","article_modified_time":"2026-02-20T13:35:17+00:00","og_image":[{"width":1773,"height":1772,"url":"http:\/\/deguardavidas.com\/wp-content\/uploads\/2023\/07\/brasil.jpg","type":"image\/jpeg"}],"twitter_card":"summary_large_image","twitter_misc":{"Est. reading time":"3 minutes"},"schema":{"@context":"https:\/\/schema.org","@graph":[{"@type":"WebPage","@id":"https:\/\/deguardavidas.com\/quienes-somos\/","url":"https:\/\/deguardavidas.com\/quienes-somos\/","name":"Nosotros | Formaci\u00f3n y Experiencia para Guardavidas","isPartOf":{"@id":"https:\/\/deguardavidas.com\/#website"},"primaryImageOfPage":{"@id":"https:\/\/deguardavidas.com\/quienes-somos\/#primaryimage"},"image":{"@id":"https:\/\/deguardavidas.com\/quienes-somos\/#primaryimage"},"thumbnailUrl":"https:\/\/deguardavidas.com\/wp-content\/uploads\/2023\/07\/brasil.jpg","datePublished":"2023-07-11T09:14:49+00:00","dateModified":"2026-02-20T13:35:17+00:00","description":"Conoce la historia y misi\u00f3n de deGuardavidas. Ofrecemos formaci\u00f3n y asesor\u00eda para guardavidas que desean viajar y trabajar a nivel mundial.","breadcrumb":{"@id":"https:\/\/deguardavidas.com\/quienes-somos\/#breadcrumb"},"inLanguage":"en-US","potentialAction":[{"@type":"ReadAction","target":["https:\/\/deguardavidas.com\/quienes-somos\/"]}]},{"@type":"ImageObject","inLanguage":"en-US","@id":"https:\/\/deguardavidas.com\/quienes-somos\/#primaryimage","url":"https:\/\/deguardavidas.com\/wp-content\/uploads\/2023\/07\/brasil.jpg","contentUrl":"https:\/\/deguardavidas.com\/wp-content\/uploads\/2023\/07\/brasil.jpg","width":1773,"height":1772},{"@type":"BreadcrumbList","@id":"https:\/\/deguardavidas.com\/quienes-somos\/#breadcrumb","itemListElement":[{"@type":"ListItem","position":1,"name":"Inicio","item":"https:\/\/deguardavidas.com\/"},{"@type":"ListItem","position":2,"name":"Nosotros"}]},{"@type":"WebSite","@id":"https:\/\/deguardavidas.com\/#website","url":"https:\/\/deguardavidas.com\/","name":"Lifeguard","description":"De Guardavidas Para Guardavidas","publisher":{"@id":"https:\/\/deguardavidas.com\/#organization"},"alternateName":"De Guardavidas","potentialAction":[{"@type":"SearchAction","target":{"@type":"EntryPoint","urlTemplate":"https:\/\/deguardavidas.com\/?s={search_term_string}"},"query-input":{"@type":"PropertyValueSpecification","valueRequired":true,"valueName":"search_term_string"}}],"inLanguage":"en-US"},{"@type":"Organization","@id":"https:\/\/deguardavidas.com\/#organization","name":"Lifeguard","alternateName":"De Guardavidas","url":"https:\/\/deguardavidas.com\/","logo":{"@type":"ImageObject","inLanguage":"en-US","@id":"https:\/\/deguardavidas.com\/#\/schema\/logo\/image\/","url":"https:\/\/deguardavidas.com\/wp-content\/uploads\/2024\/02\/cropped-aplicaciones-25.png","contentUrl":"https:\/\/deguardavidas.com\/wp-content\/uploads\/2024\/02\/cropped-aplicaciones-25.png","width":1161,"height":1078,"caption":"De Guardavidas"},"image":{"@id":"https:\/\/deguardavidas.com\/#\/schema\/logo\/image\/"},"sameAs":["https:\/\/www.facebook.com\/profile.php?id=100094279952604","https:\/\/www.instagram.com\/deguardavidas\/","https:\/\/www.youtube.com\/@DeGuardavidas"]}]}},"uagb_featured_image_src":{"full":["https:\/\/deguardavidas.com\/wp-content\/uploads\/2023\/07\/brasil.jpg",1773,1772,false],"thumbnail":["https:\/\/deguardavidas.com\/wp-content\/uploads\/2023\/07\/brasil-150x150.jpg",150,150,true],"medium":["https:\/\/deguardavidas.com\/wp-content\/uploads\/2023\/07\/brasil-300x300.jpg",300,300,true],"medium_large":["https:\/\/deguardavidas.com\/wp-content\/uploads\/2023\/07\/brasil-768x768.jpg",768,768,true],"large":["https:\/\/deguardavidas.com\/wp-content\/uploads\/2023\/07\/brasil-1024x1024.jpg",1024,1024,true],"1536x1536":["https:\/\/deguardavidas.com\/wp-content\/uploads\/2023\/07\/brasil-1536x1536.jpg",1536,1536,true],"2048x2048":["https:\/\/deguardavidas.com\/wp-content\/uploads\/2023\/07\/brasil.jpg",1773,1772,false],"trp-custom-language-flag":["https:\/\/deguardavidas.com\/wp-content\/uploads\/2023\/07\/brasil.jpg",12,12,false],"woocommerce_thumbnail":["https:\/\/deguardavidas.com\/wp-content\/uploads\/2023\/07\/brasil-300x300.jpg",300,300,true],"woocommerce_single":["https:\/\/deguardavidas.com\/wp-content\/uploads\/2023\/07\/brasil-600x600.jpg",600,600,true],"woocommerce_gallery_thumbnail":["https:\/\/deguardavidas.com\/wp-content\/uploads\/2023\/07\/brasil-100x100.jpg",100,100,true]},"uagb_author_info":{"display_name":"deguardavidas.com","author_link":"https:\/\/deguardavidas.com\/en\/author\/deguardavidas-katastudio-shop\/"},"uagb_comment_info":0,"uagb_excerpt":"Descubr\u00ed De Guardavidas NUESTRA HISTORIA Sobre De Guardavidas Este proyecto nace de la experiencia de Sebastian Silva e Ignacio Picardi, [&hellip;]","_links":{"self":[{"href":"https:\/\/deguardavidas.com\/en\/wp-json\/wp\/v2\/pages\/1583","targetHints":{"allow":["GET"]}}],"collection":[{"href":"https:\/\/deguardavidas.com\/en\/wp-json\/wp\/v2\/pages"}],"about":[{"href":"https:\/\/deguardavidas.com\/en\/wp-json\/wp\/v2\/types\/page"}],"author":[{"embeddable":true,"href":"https:\/\/deguardavidas.com\/en\/wp-json\/wp\/v2\/users\/1"}],"replies":[{"embeddable":true,"href":"https:\/\/deguardavidas.com\/en\/wp-json\/wp\/v2\/comments?post=1583"}],"version-history":[{"count":59,"href":"https:\/\/deguardavidas.com\/en\/wp-json\/wp\/v2\/pages\/1583\/revisions"}],"predecessor-version":[{"id":5430,"href":"https:\/\/deguardavidas.com\/en\/wp-json\/wp\/v2\/pages\/1583\/revisions\/5430"}],"wp:featuredmedia":[{"embeddable":true,"href":"https:\/\/deguardavidas.com\/en\/wp-json\/wp\/v2\/media\/2512"}],"wp:attachment":[{"href":"https:\/\/deguardavidas.com\/en\/wp-json\/wp\/v2\/media?parent=1583"}],"curies":[{"name":"wp","href":"https:\/\/api.w.org\/{rel}","templated":true}]}}